{"id":935,"date":"2024-01-22T16:11:32","date_gmt":"2024-01-22T15:11:32","guid":{"rendered":"http:\/\/lachende.prognocon.cz\/?page_id=935"},"modified":"2024-01-22T16:13:22","modified_gmt":"2024-01-22T15:13:22","slug":"roman-sikora-jako-lvi-aneb-sestup-a-vzestup-pana-b-2","status":"publish","type":"page","link":"https:\/\/lachendebestien.kupodivu.cz\/subdom\/lachendebestien\/?page_id=935","title":{"rendered":"Roman Sikora &#8211; Jako lvi aneb Sestup a vzestup pana B."},"content":{"rendered":"\n<div class=\"wp-block-columns is-layout-flex wp-container-core-columns-is-layout-9d6595d7 wp-block-columns-is-layout-flex\">\n<div class=\"wp-block-column is-layout-flow wp-block-column-is-layout-flow\">\n<p>Asistence re\u017eie: Veronika Mackov\u00e1<br>Dramaturgie: Veronika Linka<br>V\u00fdprava: Adriana \u010cern\u00e1<br>Hudba: Jind\u0159ich \u010c\u00ed\u017eek<br>Re\u017eie: Michal H\u00e1ba<\/p>\n\n\n\n<p>Pan B. je \u00fasp\u011b\u0161n\u00fd jedinec, kter\u00fd v\u00ed, \u017ee ka\u017ed\u00fd je sv\u00e9ho \u0161t\u011bst\u00ed str\u016fjcem. S\u00e1m za sebe zodpov\u011bdn\u00fd. \u017divot je sout\u011b\u017e. Sout\u011b\u017e a konkurence jsou pil\u00ed\u0159em spole\u010dnosti a blahobytu.<\/p>\n\n\n\n<p><br>Svou neoliber\u00e1ln\u00ed mantru dok\u00e1\u017ee pan B. aplikovat i ve sv\u00e9 nov\u00e9 \u017eivotn\u00ed situaci. Na ulici. Pod mostem. Je jako lev. Kr\u00e1l d\u017eungle. Padne na sam\u00e9 dno, ale vypracuje se. S\u00e1m si pom\u016f\u017ee. Jedinec siln\u00fd. Individualita. To je \u00fasp\u011bch. Nebo ne?<\/p>\n\n\n\n<p>Hra Romana Sikory s podtitulem \u201cOptimistick\u00fd epos o \u00fasp\u011bchu voln\u011b podle skute\u010dn\u00e9 ud\u00e1losti\u201d nep\u0159\u00edmo navazuje na Zpov\u011b\u010f masochisty. Zd\u00e1nliv\u011b a\u017e naivn\u00ed humor se m\u00eds\u00ed s ostrou kritikou p\u0159evl\u00e1daj\u00edc\u00ed spole\u010densk\u00e9 ideologie. Ide\u00e1ln\u00ed materi\u00e1l pro Lachende Bestien. <\/p>\n\n\n\n<p>Jako lvi aneb Sestup a vzestup pana B. je po Z\u00e1mku na Loi\u0159e ji\u017e druh\u00fdm spojen\u00edm Sikory a Lachende Bestien. V roli pana B. se p\u0159edstav\u00ed pan Kry\u0161tof Barto\u0161.<\/p>\n<\/div>\n\n\n\n<div class=\"wp-block-column is-layout-flow wp-block-column-is-layout-flow\">\n<figure class=\"wp-block-image size-full\"><img loading=\"lazy\" decoding=\"async\" width=\"614\" height=\"865\" src=\"http:\/\/lachende.prognocon.cz\/wp-content\/uploads\/2024\/01\/jakolvi.png\" alt=\"\" class=\"wp-image-933\" srcset=\"https:\/\/lachendebestien.kupodivu.cz\/subdom\/lachendebestien\/wp-content\/uploads\/2024\/01\/jakolvi.png 614w, https:\/\/lachendebestien.kupodivu.cz\/subdom\/lachendebestien\/wp-content\/uploads\/2024\/01\/jakolvi-213x300.png 213w\" sizes=\"auto, (max-width: 614px) 100vw, 614px\" \/><\/figure>\n<\/div>\n<\/div>\n","protected":false},"excerpt":{"rendered":"<p>Asistence re\u017eie: Veronika Mackov\u00e1Dramaturgie: Veronika LinkaV\u00fdprava: Adriana \u010cern\u00e1Hudba: Jind\u0159ich \u010c\u00ed\u017eekRe\u017eie: Michal H\u00e1ba Pan B. je \u00fasp\u011b\u0161n\u00fd jedinec, kter\u00fd v\u00ed, \u017ee ka\u017ed\u00fd je sv\u00e9ho \u0161t\u011bst\u00ed str\u016fjcem. S\u00e1m za sebe zodpov\u011bdn\u00fd. \u017divot je<a class=\"moretag\" href=\"http:\/\/lachende.prognocon.cz\/?page_id=388\">&#8230;v\u00edce<\/a><\/p>\n","protected":false},"author":1,"featured_media":0,"parent":0,"menu_order":0,"comment_status":"closed","ping_status":"closed","template":"","meta":{"footnotes":""},"class_list":["post-935","page","type-page","status-publish","hentry"],"_links":{"self":[{"href":"https:\/\/lachendebestien.kupodivu.cz\/subdom\/lachendebestien\/index.php?rest_route=\/wp\/v2\/pages\/935","targetHints":{"allow":["GET"]}}],"collection":[{"href":"https:\/\/lachendebestien.kupodivu.cz\/subdom\/lachendebestien\/index.php?rest_route=\/wp\/v2\/pages"}],"about":[{"href":"https:\/\/lachendebestien.kupodivu.cz\/subdom\/lachendebestien\/index.php?rest_route=\/wp\/v2\/types\/page"}],"author":[{"embeddable":true,"href":"https:\/\/lachendebestien.kupodivu.cz\/subdom\/lachendebestien\/index.php?rest_route=\/wp\/v2\/users\/1"}],"replies":[{"embeddable":true,"href":"https:\/\/lachendebestien.kupodivu.cz\/subdom\/lachendebestien\/index.php?rest_route=%2Fwp%2Fv2%2Fcomments&post=935"}],"version-history":[{"count":2,"href":"https:\/\/lachendebestien.kupodivu.cz\/subdom\/lachendebestien\/index.php?rest_route=\/wp\/v2\/pages\/935\/revisions"}],"predecessor-version":[{"id":938,"href":"https:\/\/lachendebestien.kupodivu.cz\/subdom\/lachendebestien\/index.php?rest_route=\/wp\/v2\/pages\/935\/revisions\/938"}],"wp:attachment":[{"href":"https:\/\/lachendebestien.kupodivu.cz\/subdom\/lachendebestien\/index.php?rest_route=%2Fwp%2Fv2%2Fmedia&parent=935"}],"curies":[{"name":"wp","href":"https:\/\/api.w.org\/{rel}","templated":true}]}}