{"id":904,"date":"2024-01-21T01:49:40","date_gmt":"2024-01-21T00:49:40","guid":{"rendered":"http:\/\/lachende.prognocon.cz\/?page_id=904"},"modified":"2024-01-22T16:27:08","modified_gmt":"2024-01-22T15:27:08","slug":"vojcek","status":"publish","type":"page","link":"https:\/\/lachendebestien.kupodivu.cz\/subdom\/lachendebestien\/?page_id=904","title":{"rendered":"VOJCEK_jednorozm\u011brn\u00fd \u010dlov\u011bk"},"content":{"rendered":"\n<div class=\"wp-block-columns is-layout-flex wp-container-core-columns-is-layout-9d6595d7 wp-block-columns-is-layout-flex\">\n<div class=\"wp-block-column is-layout-flow wp-block-column-is-layout-flow\">\n<p>Soci\u00e1ln\u00ed porno z&nbsp;dob pozdn\u00edho kapitalismu.&nbsp;T\u0159eskut\u00e1 crazykomedie &nbsp;<\/p>\n\n\n\n<p>SC\u00c9N\u00c1\u0158 Michal H\u00e1ba podle Georga B\u00fcchnera.&nbsp;&nbsp;<\/p>\n\n\n\n<p>RE\u017dIE Michal H\u00e1ba&nbsp;<\/p>\n\n\n\n<p>DRAMATURGIE A&nbsp;PRODUKCE Veronika Linka&nbsp;<\/p>\n\n\n\n<p>V\u00ddPRAVA Adriana \u010cern\u00e1&nbsp;<\/p>\n\n\n\n<p>HUDBA Jind\u0159ich \u010c\u00ed\u017eek&nbsp;<\/p>\n\n\n\n<p>ASISTENCE RE\u017dIE Veronika Mackov\u00e1 HRAJ\u00cd Marie Machov\u00e1, Mark Kristi\u00e1n Hochman, Kry\u0161tof Barto\u0161, Ond\u0159ej Jir\u00e1\u010dek, Jind\u0159ich \u010c\u00ed\u017eek&nbsp;<\/p>\n\n\n\n<p>Kdo je Vojcek? Vojcek je fragment, Vojcek je jednorozm\u011brn\u00fd \u010dlov\u011bk. V\u0161ichni jsme (tak trochu) Vojcek. Kultovn\u00ed drama Georga B\u00fcchnera o&nbsp;\u201czlo\u010dinu z&nbsp;v\u00e1\u0161n\u011b\u201d, akor\u00e1t \u017ee v\u016fbec. Revolucion\u00e1\u0159 B\u00fcchner napsal Vojcka o&nbsp;pozad\u00ed, kter\u00e9 \u010dlov\u011bka k&nbsp;vra\u017eedn\u00e9mu \u010dinu zd\u00e1nliv\u011b \u201cosobn\u00edho\u201d r\u00e1zu dovede.&nbsp;<\/p>\n\n\n\n<p>&nbsp;V&nbsp;remixu od Lachende Bestien je Vojcek \u0161ikanovan\u00fd v&nbsp;rytmu Britney, m\u00edsto jezen\u00ed hrachu nesp\u00ed, m\u00edsto holen\u00ed Hejtmanovy tv\u00e1\u0159e mu hol\u00ed prdel. Proto\u017ee hlavn\u011b to v\u0161echno mus\u00ed b\u00fdt z\u00e1bava! V\u0161echno! &nbsp;<\/p>\n\n\n\n<p>Varov\u00e1n\u00ed: v&nbsp;inscenaci se pou\u017e\u00edvaj\u00ed spole\u010densky nebezpe\u010dn\u00e1 slova jako \u201creifikace\u201d, a&nbsp;to s&nbsp;odkazem na autory tzv. Kritick\u00e9 teorie, jako jsou H.Marcuse, W. Benjamin a&nbsp;samoz\u0159ejm\u011b Teddy s&nbsp;Maxem. Ve\u0161ker\u00e1 podvratnost je v\u0161ak samoz\u0159ejm\u011b jenom jako.&nbsp;<\/p>\n\n\n\n<p>&nbsp;Pro div\u00e1ky od 15 let<\/p>\n\n\n\n<p>&nbsp;V&nbsp;p\u0159edstaven\u00ed se kou\u0159\u00ed, p\u0159edst\u00edr\u00e1 sex a&nbsp;mravnost je ohro\u017eov\u00e1na operou.&nbsp;<\/p>\n<\/div>\n\n\n\n<div class=\"wp-block-column is-layout-flow wp-block-column-is-layout-flow\">\n<figure class=\"wp-block-image size-large\"><img loading=\"lazy\" decoding=\"async\" width=\"709\" height=\"1024\" src=\"http:\/\/lachende.prognocon.cz\/wp-content\/uploads\/2024\/01\/vojcek-1-709x1024.jpg\" alt=\"\" class=\"wp-image-905\" srcset=\"https:\/\/lachendebestien.kupodivu.cz\/subdom\/lachendebestien\/wp-content\/uploads\/2024\/01\/vojcek-1-709x1024.jpg 709w, https:\/\/lachendebestien.kupodivu.cz\/subdom\/lachendebestien\/wp-content\/uploads\/2024\/01\/vojcek-1-208x300.jpg 208w, https:\/\/lachendebestien.kupodivu.cz\/subdom\/lachendebestien\/wp-content\/uploads\/2024\/01\/vojcek-1-768x1109.jpg 768w, https:\/\/lachendebestien.kupodivu.cz\/subdom\/lachendebestien\/wp-content\/uploads\/2024\/01\/vojcek-1-1063x1536.jpg 1063w, https:\/\/lachendebestien.kupodivu.cz\/subdom\/lachendebestien\/wp-content\/uploads\/2024\/01\/vojcek-1.jpg 1096w\" sizes=\"auto, (max-width: 709px) 100vw, 709px\" \/><\/figure>\n<\/div>\n<\/div>\n","protected":false},"excerpt":{"rendered":"<p>Soci\u00e1ln\u00ed porno z&nbsp;dob pozdn\u00edho kapitalismu.&nbsp;T\u0159eskut\u00e1 crazykomedie &nbsp; SC\u00c9N\u00c1\u0158 Michal H\u00e1ba podle Georga B\u00fcchnera.&nbsp;&nbsp; RE\u017dIE Michal H\u00e1ba&nbsp; DRAMATURGIE A&nbsp;PRODUKCE Veronika Linka&nbsp; V\u00ddPRAVA Adriana \u010cern\u00e1&nbsp; HUDBA Jind\u0159ich \u010c\u00ed\u017eek&nbsp; ASISTENCE RE\u017dIE Veronika Mackov\u00e1 HRAJ\u00cd<a class=\"moretag\" href=\"http:\/\/lachende.prognocon.cz\/?page_id=388\">&#8230;v\u00edce<\/a><\/p>\n","protected":false},"author":1,"featured_media":0,"parent":0,"menu_order":0,"comment_status":"closed","ping_status":"closed","template":"","meta":{"footnotes":""},"class_list":["post-904","page","type-page","status-publish","hentry"],"_links":{"self":[{"href":"https:\/\/lachendebestien.kupodivu.cz\/subdom\/lachendebestien\/index.php?rest_route=\/wp\/v2\/pages\/904","targetHints":{"allow":["GET"]}}],"collection":[{"href":"https:\/\/lachendebestien.kupodivu.cz\/subdom\/lachendebestien\/index.php?rest_route=\/wp\/v2\/pages"}],"about":[{"href":"https:\/\/lachendebestien.kupodivu.cz\/subdom\/lachendebestien\/index.php?rest_route=\/wp\/v2\/types\/page"}],"author":[{"embeddable":true,"href":"https:\/\/lachendebestien.kupodivu.cz\/subdom\/lachendebestien\/index.php?rest_route=\/wp\/v2\/users\/1"}],"replies":[{"embeddable":true,"href":"https:\/\/lachendebestien.kupodivu.cz\/subdom\/lachendebestien\/index.php?rest_route=%2Fwp%2Fv2%2Fcomments&post=904"}],"version-history":[{"count":2,"href":"https:\/\/lachendebestien.kupodivu.cz\/subdom\/lachendebestien\/index.php?rest_route=\/wp\/v2\/pages\/904\/revisions"}],"predecessor-version":[{"id":939,"href":"https:\/\/lachendebestien.kupodivu.cz\/subdom\/lachendebestien\/index.php?rest_route=\/wp\/v2\/pages\/904\/revisions\/939"}],"wp:attachment":[{"href":"https:\/\/lachendebestien.kupodivu.cz\/subdom\/lachendebestien\/index.php?rest_route=%2Fwp%2Fv2%2Fmedia&parent=904"}],"curies":[{"name":"wp","href":"https:\/\/api.w.org\/{rel}","templated":true}]}}