{"id":894,"date":"2024-01-21T01:39:21","date_gmt":"2024-01-21T00:39:21","guid":{"rendered":"http:\/\/lachende.prognocon.cz\/?page_id=894"},"modified":"2024-01-21T01:39:21","modified_gmt":"2024-01-21T00:39:21","slug":"120-dni-svobody","status":"publish","type":"page","link":"https:\/\/lachendebestien.kupodivu.cz\/subdom\/lachendebestien\/?page_id=894","title":{"rendered":"120 DN\u00cd SVOBODY"},"content":{"rendered":"\n<div class=\"wp-block-columns is-layout-flex wp-container-core-columns-is-layout-9d6595d7 wp-block-columns-is-layout-flex\">\n<div class=\"wp-block-column is-layout-flow wp-block-column-is-layout-flow\">\n<p>Podle mark\u00fdze de Sade.<\/p>\n\n\n\n<p>Sc\u00e9n\u00e1\u0159 a re\u017eie: Michal H\u00e1ba, \u0160imon \u0160pi\u0161\u00e1k<\/p>\n\n\n\n<p>Hudba: Jind\u0159ich \u010c\u00ed\u017eek<\/p>\n\n\n\n<p>Hraj\u00ed: Adriana M\u00e1\u010dikov\u00e1 Kubi\u0161tov\u00e1, Marie \u0160vestkov\u00e1, Michal H\u00e1ba, \u0160imon Spi\u0161\u00e1k, Luk\u00e1\u0161 Bouzek, Jind\u0159ich \u010c\u00ed\u017eek<\/p>\n\n\n\n<hr class=\"wp-block-separator has-alpha-channel-opacity\"\/>\n\n\n\n<p>&#8222;V ka\u017ed\u00e9m \u010dlov\u011bku d\u0159\u00edm\u00e1 prase.&#8220;<\/p>\n\n\n\n<p>\u201eK \u010dertu,\u201c ozval se Curval, \u201eco to, v\u00e9vodo, pr\u00e1v\u011b d\u011bl\u00e1\u0161?\u201c<br>\u201eNech m\u011b b\u00fdt, nech m\u011b b\u00fdt, zrovna mrd\u00e1m vlastn\u00ed dceru a p\u0159edstavuju si p\u0159itom, \u017ee je mrtv\u00e1.\u201c<br>\u201eHrome, ty ni\u010demo, ty ba\u017e\u00ed\u0161 po zlo\u010dinu!\u201c<br>\u201eA\u0165 m\u011b \u010dert sebere,\u201c odpov\u011bd\u011bl mu v\u00e9voda \u201echt\u011bl bych, aby to byla pravda.\u201c A v t\u00e9 chv\u00edli se jeho ne\u010dist\u00e9 semeno vlilo do Juliiny pochvy. Sotva svou akci skon\u010dil, vyb\u00eddl Duclosovou, aby pokra\u010dovala ve vypr\u00e1v\u011bn\u00ed.&nbsp;<\/p>\n<\/div>\n\n\n\n<div class=\"wp-block-column is-layout-flow wp-block-column-is-layout-flow\">\n<figure class=\"wp-block-image size-full\"><img loading=\"lazy\" decoding=\"async\" width=\"730\" height=\"1024\" src=\"http:\/\/lachende.prognocon.cz\/wp-content\/uploads\/2024\/01\/120_A3-290915_TISK_new-01-730x1024-1.jpg\" alt=\"\" class=\"wp-image-895\" srcset=\"https:\/\/lachendebestien.kupodivu.cz\/subdom\/lachendebestien\/wp-content\/uploads\/2024\/01\/120_A3-290915_TISK_new-01-730x1024-1.jpg 730w, https:\/\/lachendebestien.kupodivu.cz\/subdom\/lachendebestien\/wp-content\/uploads\/2024\/01\/120_A3-290915_TISK_new-01-730x1024-1-214x300.jpg 214w\" sizes=\"auto, (max-width: 730px) 100vw, 730px\" \/><\/figure>\n<\/div>\n<\/div>\n","protected":false},"excerpt":{"rendered":"<p>Podle mark\u00fdze de Sade. Sc\u00e9n\u00e1\u0159 a re\u017eie: Michal H\u00e1ba, \u0160imon \u0160pi\u0161\u00e1k Hudba: Jind\u0159ich \u010c\u00ed\u017eek Hraj\u00ed: Adriana M\u00e1\u010dikov\u00e1 Kubi\u0161tov\u00e1, Marie \u0160vestkov\u00e1, Michal H\u00e1ba, \u0160imon Spi\u0161\u00e1k, Luk\u00e1\u0161 Bouzek, Jind\u0159ich \u010c\u00ed\u017eek &#8222;V ka\u017ed\u00e9m \u010dlov\u011bku<a class=\"moretag\" href=\"http:\/\/lachende.prognocon.cz\/?page_id=388\">&#8230;v\u00edce<\/a><\/p>\n","protected":false},"author":1,"featured_media":0,"parent":0,"menu_order":0,"comment_status":"closed","ping_status":"closed","template":"","meta":{"footnotes":""},"class_list":["post-894","page","type-page","status-publish","hentry"],"_links":{"self":[{"href":"https:\/\/lachendebestien.kupodivu.cz\/subdom\/lachendebestien\/index.php?rest_route=\/wp\/v2\/pages\/894","targetHints":{"allow":["GET"]}}],"collection":[{"href":"https:\/\/lachendebestien.kupodivu.cz\/subdom\/lachendebestien\/index.php?rest_route=\/wp\/v2\/pages"}],"about":[{"href":"https:\/\/lachendebestien.kupodivu.cz\/subdom\/lachendebestien\/index.php?rest_route=\/wp\/v2\/types\/page"}],"author":[{"embeddable":true,"href":"https:\/\/lachendebestien.kupodivu.cz\/subdom\/lachendebestien\/index.php?rest_route=\/wp\/v2\/users\/1"}],"replies":[{"embeddable":true,"href":"https:\/\/lachendebestien.kupodivu.cz\/subdom\/lachendebestien\/index.php?rest_route=%2Fwp%2Fv2%2Fcomments&post=894"}],"version-history":[{"count":1,"href":"https:\/\/lachendebestien.kupodivu.cz\/subdom\/lachendebestien\/index.php?rest_route=\/wp\/v2\/pages\/894\/revisions"}],"predecessor-version":[{"id":896,"href":"https:\/\/lachendebestien.kupodivu.cz\/subdom\/lachendebestien\/index.php?rest_route=\/wp\/v2\/pages\/894\/revisions\/896"}],"wp:attachment":[{"href":"https:\/\/lachendebestien.kupodivu.cz\/subdom\/lachendebestien\/index.php?rest_route=%2Fwp%2Fv2%2Fmedia&parent=894"}],"curies":[{"name":"wp","href":"https:\/\/api.w.org\/{rel}","templated":true}]}}