{"id":891,"date":"2024-01-21T01:38:04","date_gmt":"2024-01-21T00:38:04","guid":{"rendered":"http:\/\/lachende.prognocon.cz\/?page_id=891"},"modified":"2024-01-21T01:38:04","modified_gmt":"2024-01-21T00:38:04","slug":"plac-nocniho-kozodoje","status":"publish","type":"page","link":"https:\/\/lachendebestien.kupodivu.cz\/subdom\/lachendebestien\/?page_id=891","title":{"rendered":"PL\u00c1\u010c NO\u010cN\u00cdHO KOZODOJE"},"content":{"rendered":"\n<div class=\"wp-block-columns is-layout-flex wp-container-core-columns-is-layout-9d6595d7 wp-block-columns-is-layout-flex\">\n<div class=\"wp-block-column is-layout-flow wp-block-column-is-layout-flow\">\n<p>Podle Grotesky Kurta Vonneguta<\/p>\n\n\n\n<p>Sc\u00e9n\u00e1\u0159 a re\u017eie: Michal H\u00e1ba, \u0160imon \u0160pi\u0161\u00e1k<\/p>\n\n\n\n<p>Hudba: Jind\u0159ich \u010c\u00ed\u017eek<\/p>\n\n\n\n<p>Hraj\u00ed: Adriana M\u00e1\u010dikov\u00e1 Kubi\u0161tov\u00e1, Marie \u0160vestkov\u00e1, Michal H\u00e1ba, \u0160imon Spi\u0161\u00e1k, Luk\u00e1\u0161 Bouzek, Jind\u0159ich \u010c\u00ed\u017eek<\/p>\n\n\n\n<hr class=\"wp-block-separator has-alpha-channel-opacity\"\/>\n\n\n\n<p>Tenhle p\u0159\u00edb\u011bh vypr\u00e1v\u00ed o pust\u00fdch m\u011bstech a duchovn\u00edm kanibalismu a incestu a osam\u011blosti a nel\u00e1sce a smrti, a tak d\u00e1le&#8230; L\u00ed\u010d\u00ed m\u011b a moji sestru jako zr\u016fdy, a tak d\u00e1le&#8230;&nbsp;<br>Tomu, koho to m\u016f\u017ee zaj\u00edmat.<br>Haj hou.<br>Oce\u0148ovan\u00e1 inscenace Lachende Bestien vznikla ve spolupr\u00e1ci s Divadlem ko\u0148a a motora.&nbsp;<\/p>\n<\/div>\n\n\n\n<div class=\"wp-block-column is-layout-flow wp-block-column-is-layout-flow\">\n<figure class=\"wp-block-image size-full\"><img loading=\"lazy\" decoding=\"async\" width=\"731\" height=\"1024\" src=\"http:\/\/lachende.prognocon.cz\/wp-content\/uploads\/2024\/01\/Kozodoj_A3-180915_new-01-731x1024-1.jpg\" alt=\"\" class=\"wp-image-892\" srcset=\"https:\/\/lachendebestien.kupodivu.cz\/subdom\/lachendebestien\/wp-content\/uploads\/2024\/01\/Kozodoj_A3-180915_new-01-731x1024-1.jpg 731w, https:\/\/lachendebestien.kupodivu.cz\/subdom\/lachendebestien\/wp-content\/uploads\/2024\/01\/Kozodoj_A3-180915_new-01-731x1024-1-214x300.jpg 214w\" sizes=\"auto, (max-width: 731px) 100vw, 731px\" \/><\/figure>\n<\/div>\n<\/div>\n","protected":false},"excerpt":{"rendered":"<p>Podle Grotesky Kurta Vonneguta Sc\u00e9n\u00e1\u0159 a re\u017eie: Michal H\u00e1ba, \u0160imon \u0160pi\u0161\u00e1k Hudba: Jind\u0159ich \u010c\u00ed\u017eek Hraj\u00ed: Adriana M\u00e1\u010dikov\u00e1 Kubi\u0161tov\u00e1, Marie \u0160vestkov\u00e1, Michal H\u00e1ba, \u0160imon Spi\u0161\u00e1k, Luk\u00e1\u0161 Bouzek, Jind\u0159ich \u010c\u00ed\u017eek Tenhle p\u0159\u00edb\u011bh vypr\u00e1v\u00ed<a class=\"moretag\" href=\"http:\/\/lachende.prognocon.cz\/?page_id=388\">&#8230;v\u00edce<\/a><\/p>\n","protected":false},"author":1,"featured_media":0,"parent":0,"menu_order":0,"comment_status":"closed","ping_status":"closed","template":"","meta":{"footnotes":""},"class_list":["post-891","page","type-page","status-publish","hentry"],"_links":{"self":[{"href":"https:\/\/lachendebestien.kupodivu.cz\/subdom\/lachendebestien\/index.php?rest_route=\/wp\/v2\/pages\/891","targetHints":{"allow":["GET"]}}],"collection":[{"href":"https:\/\/lachendebestien.kupodivu.cz\/subdom\/lachendebestien\/index.php?rest_route=\/wp\/v2\/pages"}],"about":[{"href":"https:\/\/lachendebestien.kupodivu.cz\/subdom\/lachendebestien\/index.php?rest_route=\/wp\/v2\/types\/page"}],"author":[{"embeddable":true,"href":"https:\/\/lachendebestien.kupodivu.cz\/subdom\/lachendebestien\/index.php?rest_route=\/wp\/v2\/users\/1"}],"replies":[{"embeddable":true,"href":"https:\/\/lachendebestien.kupodivu.cz\/subdom\/lachendebestien\/index.php?rest_route=%2Fwp%2Fv2%2Fcomments&post=891"}],"version-history":[{"count":1,"href":"https:\/\/lachendebestien.kupodivu.cz\/subdom\/lachendebestien\/index.php?rest_route=\/wp\/v2\/pages\/891\/revisions"}],"predecessor-version":[{"id":893,"href":"https:\/\/lachendebestien.kupodivu.cz\/subdom\/lachendebestien\/index.php?rest_route=\/wp\/v2\/pages\/891\/revisions\/893"}],"wp:attachment":[{"href":"https:\/\/lachendebestien.kupodivu.cz\/subdom\/lachendebestien\/index.php?rest_route=%2Fwp%2Fv2%2Fmedia&parent=891"}],"curies":[{"name":"wp","href":"https:\/\/api.w.org\/{rel}","templated":true}]}}