{"id":888,"date":"2024-01-21T01:37:07","date_gmt":"2024-01-21T00:37:07","guid":{"rendered":"http:\/\/lachende.prognocon.cz\/?page_id=888"},"modified":"2024-01-21T01:37:07","modified_gmt":"2024-01-21T00:37:07","slug":"pasije","status":"publish","type":"page","link":"https:\/\/lachendebestien.kupodivu.cz\/subdom\/lachendebestien\/?page_id=888","title":{"rendered":"Pa\u0161ije"},"content":{"rendered":"\n<div class=\"wp-block-columns is-layout-flex wp-container-core-columns-is-layout-9d6595d7 wp-block-columns-is-layout-flex\">\n<div class=\"wp-block-column is-layout-flow wp-block-column-is-layout-flow\">\n<p>re\u017eie: Michal H\u00e1ba, \u0160imon Spi\u0161\u00e1k<\/p>\n\n\n\n<p>hraj\u00ed: Adriana M\u00e1\u010dikov\u00e1 Kubi\u0161tov\u00e1, Andrea Ballayov\u00e1, Marie \u0160vestkov\u00e1, \u0160imon Spi\u0161\u00e1k, Je\u017e\u00ed\u0161 Nazaretsk\u00fd<\/p>\n\n\n\n<hr class=\"wp-block-separator has-alpha-channel-opacity\"\/>\n\n\n\n<p>Nev\u00edte, jestli sv\u00e9 bli\u017en\u00ed skute\u010dn\u011b milujete jako sebe? Nev\u00edte, jestli byste se nechali ml\u00e1tit na ob\u011b tv\u00e1\u0159e, kdy\u017e sta\u010d\u00ed do jedn\u00e9?<br>Pozv\u00e1n\u00ed p\u0159ijal skute\u010dn\u00fd Je\u017e\u00ed\u0161 a rozhodl se s kone\u010dnou platnost\u00ed vyvr\u00e1tit v\u0161echny bludy, kter\u00e9 o n\u011bm n\u00e1sledn\u00edci roz\u0161\u00ed\u0159ili. Je\u017e\u00ed\u0161 zademonstruje skok dalek\u00fd do v\u00edry i zp\u011bt, v\u00fdjime\u010dn\u011b pro pra\u017esk\u00e9 div\u00e1ky znovu p\u0159edvede i artistick\u00fd v\u00fdkon na k\u0159\u00ed\u017ei.<br>Kr\u00e1lovstv\u00ed Bo\u017e\u00ed p\u0159ich\u00e1z\u00ed, p\u0159ij\u010fte mu naproti.<\/p>\n<\/div>\n\n\n\n<div class=\"wp-block-column is-layout-flow wp-block-column-is-layout-flow\">\n<figure class=\"wp-block-image size-full\"><img loading=\"lazy\" decoding=\"async\" width=\"679\" height=\"960\" src=\"http:\/\/lachende.prognocon.cz\/wp-content\/uploads\/2024\/01\/pa-ije.jpg\" alt=\"\" class=\"wp-image-889\" srcset=\"https:\/\/lachendebestien.kupodivu.cz\/subdom\/lachendebestien\/wp-content\/uploads\/2024\/01\/pa-ije.jpg 679w, https:\/\/lachendebestien.kupodivu.cz\/subdom\/lachendebestien\/wp-content\/uploads\/2024\/01\/pa-ije-212x300.jpg 212w\" sizes=\"auto, (max-width: 679px) 100vw, 679px\" \/><\/figure>\n<\/div>\n<\/div>\n","protected":false},"excerpt":{"rendered":"<p>re\u017eie: Michal H\u00e1ba, \u0160imon Spi\u0161\u00e1k hraj\u00ed: Adriana M\u00e1\u010dikov\u00e1 Kubi\u0161tov\u00e1, Andrea Ballayov\u00e1, Marie \u0160vestkov\u00e1, \u0160imon Spi\u0161\u00e1k, Je\u017e\u00ed\u0161 Nazaretsk\u00fd Nev\u00edte, jestli sv\u00e9 bli\u017en\u00ed skute\u010dn\u011b milujete jako sebe? Nev\u00edte, jestli byste se nechali ml\u00e1tit<a class=\"moretag\" href=\"http:\/\/lachende.prognocon.cz\/?page_id=388\">&#8230;v\u00edce<\/a><\/p>\n","protected":false},"author":1,"featured_media":0,"parent":0,"menu_order":0,"comment_status":"closed","ping_status":"closed","template":"","meta":{"footnotes":""},"class_list":["post-888","page","type-page","status-publish","hentry"],"_links":{"self":[{"href":"https:\/\/lachendebestien.kupodivu.cz\/subdom\/lachendebestien\/index.php?rest_route=\/wp\/v2\/pages\/888","targetHints":{"allow":["GET"]}}],"collection":[{"href":"https:\/\/lachendebestien.kupodivu.cz\/subdom\/lachendebestien\/index.php?rest_route=\/wp\/v2\/pages"}],"about":[{"href":"https:\/\/lachendebestien.kupodivu.cz\/subdom\/lachendebestien\/index.php?rest_route=\/wp\/v2\/types\/page"}],"author":[{"embeddable":true,"href":"https:\/\/lachendebestien.kupodivu.cz\/subdom\/lachendebestien\/index.php?rest_route=\/wp\/v2\/users\/1"}],"replies":[{"embeddable":true,"href":"https:\/\/lachendebestien.kupodivu.cz\/subdom\/lachendebestien\/index.php?rest_route=%2Fwp%2Fv2%2Fcomments&post=888"}],"version-history":[{"count":1,"href":"https:\/\/lachendebestien.kupodivu.cz\/subdom\/lachendebestien\/index.php?rest_route=\/wp\/v2\/pages\/888\/revisions"}],"predecessor-version":[{"id":890,"href":"https:\/\/lachendebestien.kupodivu.cz\/subdom\/lachendebestien\/index.php?rest_route=\/wp\/v2\/pages\/888\/revisions\/890"}],"wp:attachment":[{"href":"https:\/\/lachendebestien.kupodivu.cz\/subdom\/lachendebestien\/index.php?rest_route=%2Fwp%2Fv2%2Fmedia&parent=888"}],"curies":[{"name":"wp","href":"https:\/\/api.w.org\/{rel}","templated":true}]}}