{"id":880,"date":"2024-01-21T01:31:58","date_gmt":"2024-01-21T00:31:58","guid":{"rendered":"http:\/\/lachende.prognocon.cz\/?page_id=880"},"modified":"2024-01-21T01:31:58","modified_gmt":"2024-01-21T00:31:58","slug":"pornogeografie","status":"publish","type":"page","link":"https:\/\/lachendebestien.kupodivu.cz\/subdom\/lachendebestien\/?page_id=880","title":{"rendered":"PORNOGEOGRAFIE"},"content":{"rendered":"\n<div class=\"wp-block-columns is-layout-flex wp-container-core-columns-is-layout-9d6595d7 wp-block-columns-is-layout-flex\">\n<div class=\"wp-block-column is-layout-flow wp-block-column-is-layout-flow\">\n<p>Text: Werner Schwab<\/p>\n\n\n\n<p>P\u0159eklad: Barbora Schnelle, Michal H\u00e1ba<\/p>\n\n\n\n<p>Re\u017eie: Michal H\u00e1ba<\/p>\n\n\n\n<p>Asistence re\u017eie: Anna Marie Maxera<\/p>\n\n\n\n<p>Dramaturgie: Luk\u00e1\u0161 Ji\u0159i\u010dka<\/p>\n\n\n\n<p>Sc\u00e9nografie: Anton\u00edn \u0160ilar<\/p>\n\n\n\n<p>Kost\u00fdmy: Adriana \u010cern\u00e1<\/p>\n\n\n\n<p>Hudba: Jind\u0159ich \u010c\u00ed\u017eek<\/p>\n\n\n\n<p>Hraj\u00ed: Roman Zach, Martin Pechl\u00e1t, Luk\u00e1\u0161 Bouzek, Hynek Chmela\u0159, Johana Schidtmajerov\u00e1, Marie \u0160vestkov\u00e1, Adriana M\u00e1\u010dikov\u00e1 Kubi\u0161tov\u00e1 a Jind\u0159ich \u010c\u00ed\u017eek<\/p>\n\n\n\n<hr class=\"wp-block-separator has-alpha-channel-opacity\"\/>\n\n\n\n<p>Mrdat m\u00e1te&#8230; olizovat such\u00fd led ze sousedsk\u00e9 t\u011blesn\u00e9 v\u0161eobecnosti, kter\u00e1 v\u00e1m najednou mus\u00ed b\u00fdt vlastn\u00ed jako samoz\u0159ejm\u00e1 cizota.&#8220;<\/p>\n\n\n\n<p>V \u010cech\u00e1ch dosud neuveden\u00e1 Pornogeografie je \u010dern\u011bhumornou anal\u00fdzou zap\u0161kl\u00e9ho a podl\u00e9ho malom\u011bstsk\u00e9ho fa\u0161ismu jednotliv\u00fdch postav, ale tak\u00e9 bobtnav\u011b cynickou zpr\u00e1vou o jejich snech, touh\u00e1ch a jejich re\u00e1ln\u00e9m a p\u0159ekvapiv\u00e9m napln\u011bn\u00ed. Werner Schwab s\u00e1m prohla\u0161oval, \u017ee jej nezaj\u00edm\u00e1 t\u00e9ma, ale jazyk, \u017ee jazyk je jeho t\u00e9matem &#8211; re\u017eis\u00e9r inscenace Michal H\u00e1ba k tomu dod\u00e1v\u00e1: \u201eU inscenov\u00e1n\u00ed Schwaba \u010dlov\u011bk nesm\u00ed zapomenout, \u017ee t\u011b\u017ei\u0161t\u011b textu le\u017e\u00ed ve vyklouben\u00e9m jazyku, \u017ee jej nelze \u010d\u00edst jen p\u0159es situaci \u010di t\u00e9ma, z\u00e1rove\u0148 v dne\u0161n\u00edch dnech nelze p\u0159ehl\u00e9dnout pr\u00e1v\u011b ono t\u00e9ma latentn\u00edho \u010di vnit\u0159n\u00edho fa\u0161ismu, kter\u00fd si v sob\u011b neseme, tu situaci, kdy se lid\u00e9 ve strachu vrhaj\u00ed a ni\u010d\u00ed cokoli jin\u00e9ho, jinak\u00e9ho.\u201c<\/p>\n\n\n\n<p>Rakousk\u00fd dramatik Werner Schwab (1958-1994), kter\u00fd pat\u0159\u00ed spole\u010dn\u011b s Peterem Handke, Thomasem Bernhardem \u010di Elfriede Jelinek do \u0159ady provokativn\u00edch a bytostn\u011b kritick\u00fdch dramatik\u016f sv\u00e9 zem\u011b, je pov\u011bstn\u00fd sv\u00fdmi b\u00e1snick\u00fdmi texty-skulpturami, kde se \u0159e\u010d val\u00ed v nezastaviteln\u00fdch proudech slovn\u00edho \u201elidupr\u016fjmu\u201c. V \u010cech\u00e1ch je schwabovsk\u00e1 dramatika spojena p\u0159edev\u0161\u00edm se silnou \u00e9rou pa\u0159\u00edzkovsk\u00e9 Komedie, na kterou Lachende Bestien navazuj\u00ed, a\u0165 u\u017e zapojen\u00edm n\u011bkter\u00fdch herc\u016f z b\u00fdval\u00e9 Komedie, \u010di faktem, \u017ee re\u017eis\u00e9r Michal H\u00e1ba v Komedii D. D. Pa\u0159\u00edzkovi asistoval.<\/p>\n<\/div>\n\n\n\n<div class=\"wp-block-column is-layout-flow wp-block-column-is-layout-flow\">\n<figure class=\"wp-block-image size-full\"><img loading=\"lazy\" decoding=\"async\" width=\"724\" height=\"1024\" src=\"http:\/\/lachende.prognocon.cz\/wp-content\/uploads\/2024\/01\/pornogeografie.jpg\" alt=\"\" class=\"wp-image-881\" srcset=\"https:\/\/lachendebestien.kupodivu.cz\/subdom\/lachendebestien\/wp-content\/uploads\/2024\/01\/pornogeografie.jpg 724w, https:\/\/lachendebestien.kupodivu.cz\/subdom\/lachendebestien\/wp-content\/uploads\/2024\/01\/pornogeografie-212x300.jpg 212w\" sizes=\"auto, (max-width: 724px) 100vw, 724px\" \/><\/figure>\n<\/div>\n<\/div>\n","protected":false},"excerpt":{"rendered":"<p>Text: Werner Schwab P\u0159eklad: Barbora Schnelle, Michal H\u00e1ba Re\u017eie: Michal H\u00e1ba Asistence re\u017eie: Anna Marie Maxera Dramaturgie: Luk\u00e1\u0161 Ji\u0159i\u010dka Sc\u00e9nografie: Anton\u00edn \u0160ilar Kost\u00fdmy: Adriana \u010cern\u00e1 Hudba: Jind\u0159ich \u010c\u00ed\u017eek Hraj\u00ed: Roman Zach,<a class=\"moretag\" href=\"http:\/\/lachende.prognocon.cz\/?page_id=388\">&#8230;v\u00edce<\/a><\/p>\n","protected":false},"author":1,"featured_media":0,"parent":0,"menu_order":0,"comment_status":"closed","ping_status":"closed","template":"","meta":{"footnotes":""},"class_list":["post-880","page","type-page","status-publish","hentry"],"_links":{"self":[{"href":"https:\/\/lachendebestien.kupodivu.cz\/subdom\/lachendebestien\/index.php?rest_route=\/wp\/v2\/pages\/880","targetHints":{"allow":["GET"]}}],"collection":[{"href":"https:\/\/lachendebestien.kupodivu.cz\/subdom\/lachendebestien\/index.php?rest_route=\/wp\/v2\/pages"}],"about":[{"href":"https:\/\/lachendebestien.kupodivu.cz\/subdom\/lachendebestien\/index.php?rest_route=\/wp\/v2\/types\/page"}],"author":[{"embeddable":true,"href":"https:\/\/lachendebestien.kupodivu.cz\/subdom\/lachendebestien\/index.php?rest_route=\/wp\/v2\/users\/1"}],"replies":[{"embeddable":true,"href":"https:\/\/lachendebestien.kupodivu.cz\/subdom\/lachendebestien\/index.php?rest_route=%2Fwp%2Fv2%2Fcomments&post=880"}],"version-history":[{"count":1,"href":"https:\/\/lachendebestien.kupodivu.cz\/subdom\/lachendebestien\/index.php?rest_route=\/wp\/v2\/pages\/880\/revisions"}],"predecessor-version":[{"id":882,"href":"https:\/\/lachendebestien.kupodivu.cz\/subdom\/lachendebestien\/index.php?rest_route=\/wp\/v2\/pages\/880\/revisions\/882"}],"wp:attachment":[{"href":"https:\/\/lachendebestien.kupodivu.cz\/subdom\/lachendebestien\/index.php?rest_route=%2Fwp%2Fv2%2Fmedia&parent=880"}],"curies":[{"name":"wp","href":"https:\/\/api.w.org\/{rel}","templated":true}]}}