{"id":877,"date":"2024-01-21T01:30:10","date_gmt":"2024-01-21T00:30:10","guid":{"rendered":"http:\/\/lachende.prognocon.cz\/?page_id=877"},"modified":"2024-01-21T01:30:10","modified_gmt":"2024-01-21T00:30:10","slug":"ferdinande","status":"publish","type":"page","link":"https:\/\/lachendebestien.kupodivu.cz\/subdom\/lachendebestien\/?page_id=877","title":{"rendered":"FERDINANDE!"},"content":{"rendered":"\n<div class=\"wp-block-columns is-layout-flex wp-container-core-columns-is-layout-9d6595d7 wp-block-columns-is-layout-flex\">\n<div class=\"wp-block-column is-layout-flow wp-block-column-is-layout-flow\">\n<p>Text: Michal H\u00e1ba, Simona Petr\u016f<br>Sc\u00e9nografie: Adriana \u010cern\u00e1<br>Hudba: Jind\u0159ich \u010c\u00ed\u017eek<br>Re\u017eie: Michal H\u00e1ba<\/p>\n\n\n\n<p>\/ nominace na Cenu Divadeln\u00edch novin za sezonu 2016\/2017 \/<\/p>\n\n\n\n<p>&#8222;Ferdinand Van\u011bk dnes \u2013 to je t\u00e9ma na divadlo dnes&#8220;<\/p>\n\n\n\n<p>Aneb:<br>Ferdinand Van\u011bk dnes<br>Aneb:<br>\u017dehr\u00e1n\u00ed sou\u010dasn\u00e9ho um\u011blce intelektu\u00e1la nad neexistenc\u00ed jasn\u00e9ho nep\u0159\u00edtele<br>Aneb:<br>Generace Havel Postpravda Demokracie Kapitalismus Komunismus Masa Elita<br>Aneb:<br>Stoj\u00ed to v\u0161echno za hovno?<\/p>\n\n\n\n<p>Intelektu\u00e1l ve ve\u0159ejn\u00e9m prostoru, osoba i odkaz V\u00e1clava Havla, d\u011bdictv\u00ed postkomunismu i postmodern\u00ed zmaten\u00ed a neexistence jedn\u00e9 pravdy, nebo sp\u00ed\u0161e postpravdy, rozpolcen\u00ed spole\u010dnosti na masy a elity a jejich vz\u00e1jemn\u00e9 nesrozum\u011bn\u00ed. Dne\u0161n\u00ed Ferdinand Van\u011bk, &#8222;Ferdinand Van\u011bk dnes&#8220;, postr\u00e1d\u00e1 sv\u00e9ho Sl\u00e1dka, proto nevede dialog,ale jen sv\u016fj vlastn\u00ed mocn\u011b bezmocn\u00fd monolog. Inscenace je zalo\u017eena na autorsk\u00e9m textu inspirovan\u00e9m texty V\u00e1clava Havla \u2013 p\u0159edev\u0161\u00edm jeho Audienc\u00ed, ale stejn\u011b tak esej\u00ed Moc bezmocn\u00fdch \u010di Anatomi\u00ed gagu.<\/p>\n<\/div>\n\n\n\n<div class=\"wp-block-column is-layout-flow wp-block-column-is-layout-flow\">\n<figure class=\"wp-block-image size-full\"><img loading=\"lazy\" decoding=\"async\" width=\"717\" height=\"1024\" src=\"http:\/\/lachende.prognocon.cz\/wp-content\/uploads\/2024\/01\/ferdinande_vizual_maly-717x1024-1.jpg\" alt=\"\" class=\"wp-image-878\" srcset=\"https:\/\/lachendebestien.kupodivu.cz\/subdom\/lachendebestien\/wp-content\/uploads\/2024\/01\/ferdinande_vizual_maly-717x1024-1.jpg 717w, https:\/\/lachendebestien.kupodivu.cz\/subdom\/lachendebestien\/wp-content\/uploads\/2024\/01\/ferdinande_vizual_maly-717x1024-1-210x300.jpg 210w\" sizes=\"auto, (max-width: 717px) 100vw, 717px\" \/><\/figure>\n<\/div>\n<\/div>\n","protected":false},"excerpt":{"rendered":"<p>Text: Michal H\u00e1ba, Simona Petr\u016fSc\u00e9nografie: Adriana \u010cern\u00e1Hudba: Jind\u0159ich \u010c\u00ed\u017eekRe\u017eie: Michal H\u00e1ba \/ nominace na Cenu Divadeln\u00edch novin za sezonu 2016\/2017 \/ &#8222;Ferdinand Van\u011bk dnes \u2013 to je t\u00e9ma na divadlo dnes&#8220;<a class=\"moretag\" href=\"http:\/\/lachende.prognocon.cz\/?page_id=388\">&#8230;v\u00edce<\/a><\/p>\n","protected":false},"author":1,"featured_media":0,"parent":0,"menu_order":0,"comment_status":"closed","ping_status":"closed","template":"","meta":{"footnotes":""},"class_list":["post-877","page","type-page","status-publish","hentry"],"_links":{"self":[{"href":"https:\/\/lachendebestien.kupodivu.cz\/subdom\/lachendebestien\/index.php?rest_route=\/wp\/v2\/pages\/877","targetHints":{"allow":["GET"]}}],"collection":[{"href":"https:\/\/lachendebestien.kupodivu.cz\/subdom\/lachendebestien\/index.php?rest_route=\/wp\/v2\/pages"}],"about":[{"href":"https:\/\/lachendebestien.kupodivu.cz\/subdom\/lachendebestien\/index.php?rest_route=\/wp\/v2\/types\/page"}],"author":[{"embeddable":true,"href":"https:\/\/lachendebestien.kupodivu.cz\/subdom\/lachendebestien\/index.php?rest_route=\/wp\/v2\/users\/1"}],"replies":[{"embeddable":true,"href":"https:\/\/lachendebestien.kupodivu.cz\/subdom\/lachendebestien\/index.php?rest_route=%2Fwp%2Fv2%2Fcomments&post=877"}],"version-history":[{"count":1,"href":"https:\/\/lachendebestien.kupodivu.cz\/subdom\/lachendebestien\/index.php?rest_route=\/wp\/v2\/pages\/877\/revisions"}],"predecessor-version":[{"id":879,"href":"https:\/\/lachendebestien.kupodivu.cz\/subdom\/lachendebestien\/index.php?rest_route=\/wp\/v2\/pages\/877\/revisions\/879"}],"wp:attachment":[{"href":"https:\/\/lachendebestien.kupodivu.cz\/subdom\/lachendebestien\/index.php?rest_route=%2Fwp%2Fv2%2Fmedia&parent=877"}],"curies":[{"name":"wp","href":"https:\/\/api.w.org\/{rel}","templated":true}]}}