{"id":871,"date":"2024-01-21T01:27:04","date_gmt":"2024-01-21T00:27:04","guid":{"rendered":"http:\/\/lachende.prognocon.cz\/?page_id=871"},"modified":"2024-01-21T01:27:04","modified_gmt":"2024-01-21T00:27:04","slug":"povereni","status":"publish","type":"page","link":"https:\/\/lachendebestien.kupodivu.cz\/subdom\/lachendebestien\/?page_id=871","title":{"rendered":"POV\u011a\u0158EN\u00cd"},"content":{"rendered":"\n<div class=\"wp-block-columns is-layout-flex wp-container-core-columns-is-layout-9d6595d7 wp-block-columns-is-layout-flex\">\n<div class=\"wp-block-column is-layout-flow wp-block-column-is-layout-flow\">\n<p>Hraj\u00ed: Luk\u00e1\u0161 Bouzek, Jind\u0159ich \u010c\u00ed\u017eek, Mikul\u00e1\u0161 \u010c\u00ed\u017eek, Adriana Kubi\u0161tov\u00e1 M\u00e1\u010dikov\u00e1, Johana Schmidtmajerov\u00e1, Ji\u0159\u00ed \u0160imek<br>Asistence re\u017eie: Anna-Marie Maxera<br>Produkce: Hana Svobodov\u00e1<br>Dramaturgie: Helena Jon\u00e1\u0161ov\u00e1<br>Sc\u00e9nografie: Adriana \u010cern\u00e1<br>Hudba: Jind\u0159ich \u010c\u00ed\u017eek<br>Re\u017eie: Michal H\u00e1ba<\/p>\n\n\n\n<p>&#8222;Otroctv\u00ed je p\u0159\u00edrodn\u00ed z\u00e1kon, star\u00fd jako lidstvo samo. Ahoj.&#8220;<\/p>\n\n\n\n<p>Libert\u00e9 Egalit\u00e9 Fraternit\u00e9. L\u00e1ska, zrada a smrt. Hegel, Haiti a Pir\u00e1ti z Karibiku. Lachende Bestien interpretuj\u00ed text Heinera M\u00fcllera. P\u0159\u00edb\u011bh z dob Velk\u00e9 francouzsk\u00e9 revoluce, lokace: Karibik. Negerstv\u00ed nez\u016fstane stranou.<\/p>\n<\/div>\n\n\n\n<div class=\"wp-block-column is-layout-flow wp-block-column-is-layout-flow\">\n<figure class=\"wp-block-image size-full\"><img loading=\"lazy\" decoding=\"async\" width=\"717\" height=\"1024\" src=\"http:\/\/lachende.prognocon.cz\/wp-content\/uploads\/2024\/01\/lb_b1_auftrag-717x1024-1.jpg\" alt=\"\" class=\"wp-image-872\" srcset=\"https:\/\/lachendebestien.kupodivu.cz\/subdom\/lachendebestien\/wp-content\/uploads\/2024\/01\/lb_b1_auftrag-717x1024-1.jpg 717w, https:\/\/lachendebestien.kupodivu.cz\/subdom\/lachendebestien\/wp-content\/uploads\/2024\/01\/lb_b1_auftrag-717x1024-1-210x300.jpg 210w\" sizes=\"auto, (max-width: 717px) 100vw, 717px\" \/><\/figure>\n<\/div>\n<\/div>\n","protected":false},"excerpt":{"rendered":"<p>Hraj\u00ed: Luk\u00e1\u0161 Bouzek, Jind\u0159ich \u010c\u00ed\u017eek, Mikul\u00e1\u0161 \u010c\u00ed\u017eek, Adriana Kubi\u0161tov\u00e1 M\u00e1\u010dikov\u00e1, Johana Schmidtmajerov\u00e1, Ji\u0159\u00ed \u0160imekAsistence re\u017eie: Anna-Marie MaxeraProdukce: Hana Svobodov\u00e1Dramaturgie: Helena Jon\u00e1\u0161ov\u00e1Sc\u00e9nografie: Adriana \u010cern\u00e1Hudba: Jind\u0159ich \u010c\u00ed\u017eekRe\u017eie: Michal H\u00e1ba &#8222;Otroctv\u00ed je p\u0159\u00edrodn\u00ed z\u00e1kon,<a class=\"moretag\" href=\"http:\/\/lachende.prognocon.cz\/?page_id=388\">&#8230;v\u00edce<\/a><\/p>\n","protected":false},"author":1,"featured_media":0,"parent":0,"menu_order":0,"comment_status":"closed","ping_status":"closed","template":"","meta":{"footnotes":""},"class_list":["post-871","page","type-page","status-publish","hentry"],"_links":{"self":[{"href":"https:\/\/lachendebestien.kupodivu.cz\/subdom\/lachendebestien\/index.php?rest_route=\/wp\/v2\/pages\/871","targetHints":{"allow":["GET"]}}],"collection":[{"href":"https:\/\/lachendebestien.kupodivu.cz\/subdom\/lachendebestien\/index.php?rest_route=\/wp\/v2\/pages"}],"about":[{"href":"https:\/\/lachendebestien.kupodivu.cz\/subdom\/lachendebestien\/index.php?rest_route=\/wp\/v2\/types\/page"}],"author":[{"embeddable":true,"href":"https:\/\/lachendebestien.kupodivu.cz\/subdom\/lachendebestien\/index.php?rest_route=\/wp\/v2\/users\/1"}],"replies":[{"embeddable":true,"href":"https:\/\/lachendebestien.kupodivu.cz\/subdom\/lachendebestien\/index.php?rest_route=%2Fwp%2Fv2%2Fcomments&post=871"}],"version-history":[{"count":1,"href":"https:\/\/lachendebestien.kupodivu.cz\/subdom\/lachendebestien\/index.php?rest_route=\/wp\/v2\/pages\/871\/revisions"}],"predecessor-version":[{"id":873,"href":"https:\/\/lachendebestien.kupodivu.cz\/subdom\/lachendebestien\/index.php?rest_route=\/wp\/v2\/pages\/871\/revisions\/873"}],"wp:attachment":[{"href":"https:\/\/lachendebestien.kupodivu.cz\/subdom\/lachendebestien\/index.php?rest_route=%2Fwp%2Fv2%2Fmedia&parent=871"}],"curies":[{"name":"wp","href":"https:\/\/api.w.org\/{rel}","templated":true}]}}