{"id":868,"date":"2024-01-21T01:25:21","date_gmt":"2024-01-21T00:25:21","guid":{"rendered":"http:\/\/lachende.prognocon.cz\/?page_id=868"},"modified":"2024-01-21T01:25:21","modified_gmt":"2024-01-21T00:25:21","slug":"roman-sikora-zamek-na-loire-2","status":"publish","type":"page","link":"https:\/\/lachendebestien.kupodivu.cz\/subdom\/lachendebestien\/?page_id=868","title":{"rendered":"ROMAN SIKORA: Z\u00c1MEK NA LOI\u0158E"},"content":{"rendered":"\n<div class=\"wp-block-columns is-layout-flex wp-container-core-columns-is-layout-9d6595d7 wp-block-columns-is-layout-flex\">\n<div class=\"wp-block-column is-layout-flow wp-block-column-is-layout-flow\">\n<p>Aristokratick\u00e1 komedie!<\/p>\n\n\n\n<p>Hraj\u00ed: Zuzana Onufr\u00e1kov\u00e1 a jej\u00ed chlapci: \u010c\u00ed\u017eek, H\u00e1ba, Joura<\/p>\n\n\n\n<p>Produkce: Hana Svobodov\u00e1<\/p>\n\n\n\n<p>Dramaturgie a asistence re\u017eie: Ol\u00edvia Fant\u00farov\u00e1<\/p>\n\n\n\n<p>V\u00fdprava: Adriana \u010cern\u00e1<\/p>\n\n\n\n<p>Hudba: Jind\u0159ich \u010c\u00ed\u017eek a lid<\/p>\n\n\n\n<p>Re\u017eie: Michal H\u00e1ba a to lep\u0161\u00ed v&nbsp;n\u00e1s<\/p>\n\n\n\n<p>V z\u00e1mku na Loi\u0159e \u017eije milostpan\u00ed a jej\u00ed novodob\u00e9 slu\u017eebnictvo. Milostpan\u00ed je \u017eenou \u010desk\u00e9ho ministra, co m\u00e1, pen\u00edze nazbyt m\u00e1, aby man\u017eelce z\u00e1mek, na Loi\u0159e z\u00e1mek, dop\u0159\u00e1l. Takov\u00fd norm\u00e1ln\u00ed, z Evropy, z v\u00fdchodn\u00ed Evropy, ministr oligarcha. A pr\u00e1ce, je to prost\u011b pr\u00e1ce, pro novodob\u00e9 lokaje. Jak si ale se zvyklostmi na z\u00e1mku porad\u00ed nov\u00fd kucha\u0159, kter\u00e9mu je pr\u00e1ce st\u00e1le je\u0161t\u011b \u017eivota n\u00e1pln\u00ed? T\u011b\u017eko \u0159\u00edct. Uvid\u00edme.<\/p>\n\n\n\n<p>Divadlo, kde pokrmy, j\u00eddla vzduchem l\u00e9taj\u00ed.<\/p>\n\n\n\n<p>A taky metafory. A slova. Hlavn\u011b slova, humor. Trochu humor. Humor prost\u011b. Ale slova, hlavn\u011b slova. Prost\u011b slova.<\/p>\n\n\n\n<p>\u010cesk\u00e1 premi\u00e9ra: 20. 12. 2019 ve Venu\u0161i ve \u0160vehlovce<\/p>\n\n\n\n<p>Hra Z\u00e1mek na Loi\u0159e v roce 2017 zv\u00edt\u011bzila v sout\u011b\u017ei Talking About Borders vyhl\u00e1\u0161en\u00e9 St\u00e1tn\u00edm divadlem v Norimberku.&nbsp;<\/p>\n<\/div>\n\n\n\n<div class=\"wp-block-column is-layout-flow wp-block-column-is-layout-flow\">\n<figure class=\"wp-block-image size-full\"><img loading=\"lazy\" decoding=\"async\" width=\"717\" height=\"1024\" src=\"http:\/\/lachende.prognocon.cz\/wp-content\/uploads\/2024\/01\/lb_zameknaloire_200117_final-717x1024-1.jpg\" alt=\"\" class=\"wp-image-869\" srcset=\"https:\/\/lachendebestien.kupodivu.cz\/subdom\/lachendebestien\/wp-content\/uploads\/2024\/01\/lb_zameknaloire_200117_final-717x1024-1.jpg 717w, https:\/\/lachendebestien.kupodivu.cz\/subdom\/lachendebestien\/wp-content\/uploads\/2024\/01\/lb_zameknaloire_200117_final-717x1024-1-210x300.jpg 210w\" sizes=\"auto, (max-width: 717px) 100vw, 717px\" \/><\/figure>\n<\/div>\n<\/div>\n","protected":false},"excerpt":{"rendered":"<p>Aristokratick\u00e1 komedie! Hraj\u00ed: Zuzana Onufr\u00e1kov\u00e1 a jej\u00ed chlapci: \u010c\u00ed\u017eek, H\u00e1ba, Joura Produkce: Hana Svobodov\u00e1 Dramaturgie a asistence re\u017eie: Ol\u00edvia Fant\u00farov\u00e1 V\u00fdprava: Adriana \u010cern\u00e1 Hudba: Jind\u0159ich \u010c\u00ed\u017eek a lid Re\u017eie: Michal H\u00e1ba<a class=\"moretag\" href=\"http:\/\/lachende.prognocon.cz\/?page_id=388\">&#8230;v\u00edce<\/a><\/p>\n","protected":false},"author":1,"featured_media":0,"parent":0,"menu_order":0,"comment_status":"closed","ping_status":"closed","template":"","meta":{"footnotes":""},"class_list":["post-868","page","type-page","status-publish","hentry"],"_links":{"self":[{"href":"https:\/\/lachendebestien.kupodivu.cz\/subdom\/lachendebestien\/index.php?rest_route=\/wp\/v2\/pages\/868","targetHints":{"allow":["GET"]}}],"collection":[{"href":"https:\/\/lachendebestien.kupodivu.cz\/subdom\/lachendebestien\/index.php?rest_route=\/wp\/v2\/pages"}],"about":[{"href":"https:\/\/lachendebestien.kupodivu.cz\/subdom\/lachendebestien\/index.php?rest_route=\/wp\/v2\/types\/page"}],"author":[{"embeddable":true,"href":"https:\/\/lachendebestien.kupodivu.cz\/subdom\/lachendebestien\/index.php?rest_route=\/wp\/v2\/users\/1"}],"replies":[{"embeddable":true,"href":"https:\/\/lachendebestien.kupodivu.cz\/subdom\/lachendebestien\/index.php?rest_route=%2Fwp%2Fv2%2Fcomments&post=868"}],"version-history":[{"count":1,"href":"https:\/\/lachendebestien.kupodivu.cz\/subdom\/lachendebestien\/index.php?rest_route=\/wp\/v2\/pages\/868\/revisions"}],"predecessor-version":[{"id":870,"href":"https:\/\/lachendebestien.kupodivu.cz\/subdom\/lachendebestien\/index.php?rest_route=\/wp\/v2\/pages\/868\/revisions\/870"}],"wp:attachment":[{"href":"https:\/\/lachendebestien.kupodivu.cz\/subdom\/lachendebestien\/index.php?rest_route=%2Fwp%2Fv2%2Fmedia&parent=868"}],"curies":[{"name":"wp","href":"https:\/\/api.w.org\/{rel}","templated":true}]}}