{"id":862,"date":"2024-01-21T01:21:09","date_gmt":"2024-01-21T00:21:09","guid":{"rendered":"http:\/\/lachende.prognocon.cz\/?page_id=862"},"modified":"2024-01-21T01:21:09","modified_gmt":"2024-01-21T00:21:09","slug":"nepritel-lidu-podle-henrika-ibsena","status":"publish","type":"page","link":"https:\/\/lachendebestien.kupodivu.cz\/subdom\/lachendebestien\/?page_id=862","title":{"rendered":"NEP\u0158\u00cdTEL LIDU (podle Henrika Ibsena)"},"content":{"rendered":"\n<div class=\"wp-block-columns is-layout-flex wp-container-core-columns-is-layout-9d6595d7 wp-block-columns-is-layout-flex\">\n<div class=\"wp-block-column is-layout-flow wp-block-column-is-layout-flow\">\n<p>T\u0159eskut\u00e1 komedie o liber\u00e1ln\u00ed demokracii.<\/p>\n\n\n\n<p>Hraj\u00ed: Johana Schmidtmajerov\u00e1, Kry\u0161tof Barto\u0161, Jind\u0159ich \u010c\u00ed\u017eek, Miloslav K\u00f6nig, Ji\u0159\u00ed \u0160imek<br>Asistence re\u017eie: Veronika \u0160vecov\u00e1<br>Produkce: Hana Svobodov\u00e1<br>Light design: Tom\u00e1\u0161 Mor\u00e1vek<br>Projekce: Marek P\u00e1rek<br>V\u00fdprava: Adriana \u010cern\u00e1<br>Hudba: Jind\u0159ich \u010c\u00ed\u017eek<br>Sc\u00e9n\u00e1\u0159 a re\u017eie: Michal H\u00e1ba<\/p>\n\n\n\n<p>Nesmlouvav\u00e1 re\u017eie Michala H\u00e1by nabour\u00e1v\u00e1 zd\u00e1nlivou aktu\u00e1lnost dramatu Henrika Ibsena. M\u00e1 hra z konce devaten\u00e1ct\u00e9ho stolet\u00ed st\u00e1le co \u0159\u00edct k sou\u010dasnosti? P\u0159\u00edb\u011bh l\u00e1ze\u0148sk\u00e9ho l\u00e9ka\u0159e, kter\u00fd bojuje proti \u201ckompaktn\u00ed v\u011bt\u0161in\u011b\u201d, je pova\u017eov\u00e1n v\u00edce ne\u017e sto let za funguj\u00edc\u00ed zrcadlo spole\u010dnosti. Divadeln\u00ed skupin\u011b Lachende Bestien takov\u00fd v\u00fdklad nesta\u010d\u00ed. V divok\u00e9 ekoteroristick\u00e9 j\u00edzd\u011b nahl\u00ed\u017e\u00ed limity sou\u010dasn\u00e9 liber\u00e1ln\u00ed demokracie i v n\u00ed obsa\u017een\u00e9 fa\u0161istick\u00e9 tendence a sv\u011bt Ibsenov\u00fdch l\u00e1zn\u00ed obohacuje o koment\u00e1\u0159 sebedestruktivn\u00ed kapitalistick\u00e9 spole\u010dnosti.<\/p>\n\n\n\n<p>Nov\u00fd projekt divadeln\u00ed skupiny Lachende Bestien vznik\u00e1 v koprodukci s M\u011bstsk\u00fdmi divadly pra\u017esk\u00fdmi pro prostor divadla Komedie.<\/p>\n<\/div>\n\n\n\n<div class=\"wp-block-column is-layout-flow wp-block-column-is-layout-flow\">\n<figure class=\"wp-block-image size-full\"><img loading=\"lazy\" decoding=\"async\" width=\"717\" height=\"1024\" src=\"http:\/\/lachende.prognocon.cz\/wp-content\/uploads\/2024\/01\/lb_b1_nepritel_190103-717x1024-1.jpg\" alt=\"\" class=\"wp-image-863\" srcset=\"https:\/\/lachendebestien.kupodivu.cz\/subdom\/lachendebestien\/wp-content\/uploads\/2024\/01\/lb_b1_nepritel_190103-717x1024-1.jpg 717w, https:\/\/lachendebestien.kupodivu.cz\/subdom\/lachendebestien\/wp-content\/uploads\/2024\/01\/lb_b1_nepritel_190103-717x1024-1-210x300.jpg 210w\" sizes=\"auto, (max-width: 717px) 100vw, 717px\" \/><\/figure>\n<\/div>\n<\/div>\n","protected":false},"excerpt":{"rendered":"<p>T\u0159eskut\u00e1 komedie o liber\u00e1ln\u00ed demokracii. Hraj\u00ed: Johana Schmidtmajerov\u00e1, Kry\u0161tof Barto\u0161, Jind\u0159ich \u010c\u00ed\u017eek, Miloslav K\u00f6nig, Ji\u0159\u00ed \u0160imekAsistence re\u017eie: Veronika \u0160vecov\u00e1Produkce: Hana Svobodov\u00e1Light design: Tom\u00e1\u0161 Mor\u00e1vekProjekce: Marek P\u00e1rekV\u00fdprava: Adriana \u010cern\u00e1Hudba: Jind\u0159ich \u010c\u00ed\u017eekSc\u00e9n\u00e1\u0159 a<a class=\"moretag\" href=\"http:\/\/lachende.prognocon.cz\/?page_id=388\">&#8230;v\u00edce<\/a><\/p>\n","protected":false},"author":1,"featured_media":0,"parent":0,"menu_order":0,"comment_status":"closed","ping_status":"closed","template":"","meta":{"footnotes":""},"class_list":["post-862","page","type-page","status-publish","hentry"],"_links":{"self":[{"href":"https:\/\/lachendebestien.kupodivu.cz\/subdom\/lachendebestien\/index.php?rest_route=\/wp\/v2\/pages\/862","targetHints":{"allow":["GET"]}}],"collection":[{"href":"https:\/\/lachendebestien.kupodivu.cz\/subdom\/lachendebestien\/index.php?rest_route=\/wp\/v2\/pages"}],"about":[{"href":"https:\/\/lachendebestien.kupodivu.cz\/subdom\/lachendebestien\/index.php?rest_route=\/wp\/v2\/types\/page"}],"author":[{"embeddable":true,"href":"https:\/\/lachendebestien.kupodivu.cz\/subdom\/lachendebestien\/index.php?rest_route=\/wp\/v2\/users\/1"}],"replies":[{"embeddable":true,"href":"https:\/\/lachendebestien.kupodivu.cz\/subdom\/lachendebestien\/index.php?rest_route=%2Fwp%2Fv2%2Fcomments&post=862"}],"version-history":[{"count":1,"href":"https:\/\/lachendebestien.kupodivu.cz\/subdom\/lachendebestien\/index.php?rest_route=\/wp\/v2\/pages\/862\/revisions"}],"predecessor-version":[{"id":864,"href":"https:\/\/lachendebestien.kupodivu.cz\/subdom\/lachendebestien\/index.php?rest_route=\/wp\/v2\/pages\/862\/revisions\/864"}],"wp:attachment":[{"href":"https:\/\/lachendebestien.kupodivu.cz\/subdom\/lachendebestien\/index.php?rest_route=%2Fwp%2Fv2%2Fmedia&parent=862"}],"curies":[{"name":"wp","href":"https:\/\/api.w.org\/{rel}","templated":true}]}}