{"id":859,"date":"2024-01-21T01:19:31","date_gmt":"2024-01-21T00:19:31","guid":{"rendered":"http:\/\/lachende.prognocon.cz\/?page_id=859"},"modified":"2024-01-21T01:19:31","modified_gmt":"2024-01-21T00:19:31","slug":"kohlhaas-podle-heinricha-von-kleista","status":"publish","type":"page","link":"https:\/\/lachendebestien.kupodivu.cz\/subdom\/lachendebestien\/?page_id=859","title":{"rendered":"KOHLHAAS (podle Heinricha von Kleista)"},"content":{"rendered":"\n<div class=\"wp-block-columns is-layout-flex wp-container-core-columns-is-layout-9d6595d7 wp-block-columns-is-layout-flex\">\n<div class=\"wp-block-column is-layout-flow wp-block-column-is-layout-flow\">\n<p><em>Ekoteroristick\u00e1 inscenace &#8211; ale jenom jako.<\/em><\/p>\n\n\n\n<p>Lachende Bestien se ke \u201ckohlhaasovsk\u00fdm motiv\u016fm\u201d vrac\u00ed opakovan\u011b. Novela Heinricha von Kleista vypr\u00e1v\u00ed p\u0159\u00edb\u011bh mu\u017ee, kter\u00e9mu se stane k\u0159ivda. V honb\u011b za n\u00e1pravou z\u00e1konn\u00fdmi prost\u0159edky dojde na chv\u00edli, kdy leg\u00e1ln\u00ed prost\u0159edky nesta\u010d\u00ed. Michael Kohlhaas v boji za spravedlnost p\u0159ekra\u010duje z\u00e1kon, pou\u017e\u00edv\u00e1 n\u00e1sil\u00ed. Lachende Bestien p\u0159ekra\u010duj\u00ed interpretaci a pou\u0161t\u00ed se do autorsk\u00e9ho koment\u00e1\u0159e. Inscenace nen\u00ed studie o tom, kdy se z \u010dlov\u011bka st\u00e1v\u00e1 terorista. Nebo partyz\u00e1n. Nebo revolucion\u00e1\u0159. Ale mohla by b\u00fdt.&nbsp;<\/p>\n\n\n\n<p>Na jevi\u0161ti se objev\u00ed kon\u011b &#8211; ale jenom jako<\/p>\n\n\n\n<p>Na jevi\u0161ti se vyz\u00fdv\u00e1 k n\u00e1sil\u00ed &#8211; ale jenom jako<\/p>\n\n\n\n<p>Na jevi\u0161ti se p\u0159ekro\u010d\u00ed z\u00e1kon &#8211; ale jenom jako?<\/p>\n\n\n\n<p>Lachende Bestien v Kohlhaasovi navazuj\u00ed na svou linii autorsk\u00e9ho divadla, kter\u00e9 demonstruje, zcizuje a kaz\u00ed jasn\u00e9 hrany mezi osobn\u00edm a politick\u00fdm, mezi alternativn\u00edm a \u010dinohern\u00edm divadlem. Stav\u00ed na principech brechtovsk\u00e9ho divadla dnes, s textem p\u0159edlohy hraje interpreta\u010dn\u00ed hru a divadlo samotn\u00e9 je materi\u00e1l.<\/p>\n\n\n\n<p>Koncept a re\u017eie: H\u00e1ba, Spi\u0161\u00e1k<\/p>\n\n\n\n<p>Hudba: \u010c\u00ed\u017eek<\/p>\n\n\n\n<p>Sc\u00e9nografie: \u010cern\u00e1<\/p>\n\n\n\n<p>Hraj\u00ed: \u010c\u00ed\u017eek, H\u00e1ba Zmrzl\u00e1, H\u00e1ba, Spi\u0161\u00e1k<\/p>\n\n\n\n<p>Dramaturgick\u00e1 spolupr\u00e1ce: \u0160vecov\u00e1<\/p>\n\n\n\n<p>Produkce: Svobodov\u00e1<\/p>\n<\/div>\n\n\n\n<div class=\"wp-block-column is-layout-flow wp-block-column-is-layout-flow\">\n<figure class=\"wp-block-image size-full\"><img loading=\"lazy\" decoding=\"async\" width=\"717\" height=\"1024\" src=\"http:\/\/lachende.prognocon.cz\/wp-content\/uploads\/2024\/01\/lb_kohlhaas_220106pdf-717x1024-1.jpg\" alt=\"\" class=\"wp-image-860\" srcset=\"https:\/\/lachendebestien.kupodivu.cz\/subdom\/lachendebestien\/wp-content\/uploads\/2024\/01\/lb_kohlhaas_220106pdf-717x1024-1.jpg 717w, https:\/\/lachendebestien.kupodivu.cz\/subdom\/lachendebestien\/wp-content\/uploads\/2024\/01\/lb_kohlhaas_220106pdf-717x1024-1-210x300.jpg 210w\" sizes=\"auto, (max-width: 717px) 100vw, 717px\" \/><\/figure>\n<\/div>\n<\/div>\n","protected":false},"excerpt":{"rendered":"<p>Ekoteroristick\u00e1 inscenace &#8211; ale jenom jako. Lachende Bestien se ke \u201ckohlhaasovsk\u00fdm motiv\u016fm\u201d vrac\u00ed opakovan\u011b. Novela Heinricha von Kleista vypr\u00e1v\u00ed p\u0159\u00edb\u011bh mu\u017ee, kter\u00e9mu se stane k\u0159ivda. V honb\u011b za n\u00e1pravou z\u00e1konn\u00fdmi prost\u0159edky<a class=\"moretag\" href=\"http:\/\/lachende.prognocon.cz\/?page_id=388\">&#8230;v\u00edce<\/a><\/p>\n","protected":false},"author":1,"featured_media":0,"parent":0,"menu_order":0,"comment_status":"closed","ping_status":"closed","template":"","meta":{"footnotes":""},"class_list":["post-859","page","type-page","status-publish","hentry"],"_links":{"self":[{"href":"https:\/\/lachendebestien.kupodivu.cz\/subdom\/lachendebestien\/index.php?rest_route=\/wp\/v2\/pages\/859","targetHints":{"allow":["GET"]}}],"collection":[{"href":"https:\/\/lachendebestien.kupodivu.cz\/subdom\/lachendebestien\/index.php?rest_route=\/wp\/v2\/pages"}],"about":[{"href":"https:\/\/lachendebestien.kupodivu.cz\/subdom\/lachendebestien\/index.php?rest_route=\/wp\/v2\/types\/page"}],"author":[{"embeddable":true,"href":"https:\/\/lachendebestien.kupodivu.cz\/subdom\/lachendebestien\/index.php?rest_route=\/wp\/v2\/users\/1"}],"replies":[{"embeddable":true,"href":"https:\/\/lachendebestien.kupodivu.cz\/subdom\/lachendebestien\/index.php?rest_route=%2Fwp%2Fv2%2Fcomments&post=859"}],"version-history":[{"count":1,"href":"https:\/\/lachendebestien.kupodivu.cz\/subdom\/lachendebestien\/index.php?rest_route=\/wp\/v2\/pages\/859\/revisions"}],"predecessor-version":[{"id":861,"href":"https:\/\/lachendebestien.kupodivu.cz\/subdom\/lachendebestien\/index.php?rest_route=\/wp\/v2\/pages\/859\/revisions\/861"}],"wp:attachment":[{"href":"https:\/\/lachendebestien.kupodivu.cz\/subdom\/lachendebestien\/index.php?rest_route=%2Fwp%2Fv2%2Fmedia&parent=859"}],"curies":[{"name":"wp","href":"https:\/\/api.w.org\/{rel}","templated":true}]}}