{"id":489,"date":"2015-12-03T21:45:18","date_gmt":"2015-12-03T20:45:18","guid":{"rendered":"https:\/\/lachendebestien.kupodivu.cz\/subdom\/lachendebestien\/?page_id=489"},"modified":"2024-01-29T02:07:37","modified_gmt":"2024-01-29T01:07:37","slug":"kontakt","status":"publish","type":"page","link":"https:\/\/lachendebestien.kupodivu.cz\/subdom\/lachendebestien\/?page_id=489","title":{"rendered":"KONTAKT"},"content":{"rendered":"<h5 style=\"text-align: center;\">\u00a0<\/h5>\n<h5 style=\"text-align: center;\"><a href=\"https:\/\/www.divadlox10.cz\/cs\"><img loading=\"lazy\" decoding=\"async\" class=\"alignnone wp-image-929 size-medium\" src=\"http:\/\/lachende.prognocon.cz\/wp-content\/uploads\/2024\/01\/x10_og_1200x630-300x158.png\" alt=\"Logo Divadlo X10\" width=\"300\" height=\"158\" srcset=\"https:\/\/lachendebestien.kupodivu.cz\/subdom\/lachendebestien\/wp-content\/uploads\/2024\/01\/x10_og_1200x630-300x158.png 300w, https:\/\/lachendebestien.kupodivu.cz\/subdom\/lachendebestien\/wp-content\/uploads\/2024\/01\/x10_og_1200x630-1024x538.png 1024w, https:\/\/lachendebestien.kupodivu.cz\/subdom\/lachendebestien\/wp-content\/uploads\/2024\/01\/x10_og_1200x630-768x403.png 768w, https:\/\/lachendebestien.kupodivu.cz\/subdom\/lachendebestien\/wp-content\/uploads\/2024\/01\/x10_og_1200x630.png 1200w\" sizes=\"auto, (max-width: 300px) 100vw, 300px\" \/><\/a><\/h5>\n<p style=\"text-align: center;\">Divadlo X10<\/p>\n<p style=\"text-align: center;\">Charv\u00e1tova 10\/39<\/p>\n<p style=\"text-align: center;\">Praha 1, 110 00<\/p>\n<p style=\"text-align: center;\">tel: +420\u00a0778\u00a0070\u00a0414<\/p>\n<h4>UM\u011aLECK\u00dd \u0158EDITEL<\/h4>\n<p>Michal H\u00e1ba<\/p>\n<p>telefon: <a href=\"tel:%2B420604278741\">+420 604 278 741<\/a><\/p>\n<p>e-mail: <a href=\"mailto:michalhaba@email.cz\">michalhaba@email.cz<\/a><\/p>\n<h4><span style=\"color: #000000;\">PROVOZOVATEL, FAKTURA\u010cN\u00cd ADRESA<\/span><\/h4>\n<p><span style=\"color: #000000;\">Lachende Bestien z.s.<\/span><\/p>\n<p><span style=\"color: #000000;\">Kloko\u010dn\u00e1 32<\/span><\/p>\n<p><span style=\"color: #000000;\">251 64<\/span><\/p>\n<p><span style=\"color: #000000;\">I\u010cO 04364244<\/span><\/p>\n<h4><span style=\"color: #000000;\">PRODUKCE, KONTAKT\u00a0PRO M\u00c9DIA<\/span><\/h4>\n<p>Veronika Linka<\/p>\n<p><span style=\"color: #000000;\">telefon: <a href=\"tel:+420777856785\">+420 777 856 785<\/a><\/span><\/p>\n<p><span style=\"color: #000000;\">e-mail: <a href=\"mailto:lachendebestien@gmail.com\">lachendebestien@gmail.com<\/a><\/span><\/p>\n\n\n<p><\/p>\n","protected":false},"excerpt":{"rendered":"<p>\u00a0 Divadlo X10 Charv\u00e1tova 10\/39 Praha 1, 110 00 tel: +420\u00a0778\u00a0070\u00a0414 UM\u011aLECK\u00dd \u0158EDITEL Michal H\u00e1ba telefon: +420 604 278 741 e-mail: michalhaba@email.cz PROVOZOVATEL, FAKTURA\u010cN\u00cd ADRESA Lachende Bestien z.s. Kloko\u010dn\u00e1 32 251<a class=\"moretag\" href=\"http:\/\/lachende.prognocon.cz\/?page_id=388\">&#8230;v\u00edce<\/a><\/p>\n","protected":false},"author":2,"featured_media":0,"parent":0,"menu_order":0,"comment_status":"closed","ping_status":"closed","template":"","meta":{"footnotes":""},"class_list":["post-489","page","type-page","status-publish","hentry"],"_links":{"self":[{"href":"https:\/\/lachendebestien.kupodivu.cz\/subdom\/lachendebestien\/index.php?rest_route=\/wp\/v2\/pages\/489","targetHints":{"allow":["GET"]}}],"collection":[{"href":"https:\/\/lachendebestien.kupodivu.cz\/subdom\/lachendebestien\/index.php?rest_route=\/wp\/v2\/pages"}],"about":[{"href":"https:\/\/lachendebestien.kupodivu.cz\/subdom\/lachendebestien\/index.php?rest_route=\/wp\/v2\/types\/page"}],"author":[{"embeddable":true,"href":"https:\/\/lachendebestien.kupodivu.cz\/subdom\/lachendebestien\/index.php?rest_route=\/wp\/v2\/users\/2"}],"replies":[{"embeddable":true,"href":"https:\/\/lachendebestien.kupodivu.cz\/subdom\/lachendebestien\/index.php?rest_route=%2Fwp%2Fv2%2Fcomments&post=489"}],"version-history":[{"count":5,"href":"https:\/\/lachendebestien.kupodivu.cz\/subdom\/lachendebestien\/index.php?rest_route=\/wp\/v2\/pages\/489\/revisions"}],"predecessor-version":[{"id":1001,"href":"https:\/\/lachendebestien.kupodivu.cz\/subdom\/lachendebestien\/index.php?rest_route=\/wp\/v2\/pages\/489\/revisions\/1001"}],"wp:attachment":[{"href":"https:\/\/lachendebestien.kupodivu.cz\/subdom\/lachendebestien\/index.php?rest_route=%2Fwp%2Fv2%2Fmedia&parent=489"}],"curies":[{"name":"wp","href":"https:\/\/api.w.org\/{rel}","templated":true}]}}