{"id":351,"date":"2015-12-03T19:17:04","date_gmt":"2015-12-03T18:17:04","guid":{"rendered":"https:\/\/lachendebestien.kupodivu.cz\/subdom\/lachendebestien\/?page_id=351"},"modified":"2024-01-29T01:42:58","modified_gmt":"2024-01-29T00:42:58","slug":"o-nass","status":"publish","type":"page","link":"https:\/\/lachendebestien.kupodivu.cz\/subdom\/lachendebestien\/?page_id=351","title":{"rendered":"O N\u00c1S"},"content":{"rendered":"\n<p>Lachende Bestien jsou divadeln\u00ed skupina zalo\u017een\u00e1 roku 2011 v Praze. Ve sv\u00fdch apelativn\u00edch, politick\u00fdch a spole\u010densko-kritick\u00fdch inscenac\u00edch otev\u00edr\u00e1 ta nejpal\u010div\u011bj\u0161\u00ed t\u00e9mata dne\u0161ka. Uskupen\u00ed soust\u0159ed\u011bn\u00e9 okolo re\u017eis\u00e9ra Michala H\u00e1by se v\u011bnuje autorsk\u00e9mu divadlu i neot\u0159el\u00e9 interpretaci (nejen) dramatick\u00fdch text\u016f. V sou\u010dasn\u00e9 dob\u011b p\u016fsob\u00ed v prostoru Divadla X10.<\/p>\n\n\n\n<h3 class=\"wp-block-heading\" id=\"zpravy\">V\u00ddRO\u010cN\u00cd ZPR\u00c1VY<\/h3>\n\n\n\n<p class=\"has-text-align-center\"><span style=\"color: #000000;\"><a style=\"color: #000000;\" href=\"https:\/\/lachendebestien.kupodivu.cz\/subdom\/lachendebestien\/o-nass\/lachende-bestien-_vyrocni-zprava-za-rok-2018\/\" rel=\"attachment wp-att-805\">V\u00fdro\u010dn\u00ed zpr\u00e1va 2018<\/a><\/span><\/p>\n\n\n\n<p class=\"has-text-align-center\"><span style=\"text-decoration: underline;\"><span style=\"color: #000000; text-decoration: underline;\"><a style=\"color: #000000; text-decoration: underline;\" href=\"https:\/\/lachendebestien.kupodivu.cz\/subdom\/lachendebestien\/o-nass\/lachende-bestien-_vyrocni-zprava-za-rok-2017\/\" rel=\"attachment wp-att-738\">V\u00fdro\u010dn\u00ed zpr\u00e1va 2017<\/a><\/span><\/span><\/p>\n\n\n\n<p class=\"has-text-align-center\"><span style=\"text-decoration: underline;\"><span style=\"color: #000000; text-decoration: underline;\"><a style=\"color: #000000; text-decoration: underline;\" href=\"https:\/\/lachendebestien.kupodivu.cz\/subdom\/lachendebestien\/o-nass\/lb2018__vyrocni-zprava-za-rok-2016\/\" rel=\"attachment wp-att-739\">V\u00fdro\u010dn\u00ed zpr\u00e1va 2016<\/a><\/span><\/span><\/p>\n","protected":false},"excerpt":{"rendered":"<p>Lachende Bestien jsou divadeln\u00ed skupina zalo\u017een\u00e1 roku 2011 v Praze. Ve sv\u00fdch apelativn\u00edch, politick\u00fdch a spole\u010densko-kritick\u00fdch inscenac\u00edch otev\u00edr\u00e1 ta nejpal\u010div\u011bj\u0161\u00ed t\u00e9mata dne\u0161ka. Uskupen\u00ed soust\u0159ed\u011bn\u00e9 okolo re\u017eis\u00e9ra Michala H\u00e1by se v\u011bnuje autorsk\u00e9mu<a class=\"moretag\" href=\"http:\/\/lachende.prognocon.cz\/?page_id=388\">&#8230;v\u00edce<\/a><\/p>\n","protected":false},"author":2,"featured_media":0,"parent":0,"menu_order":0,"comment_status":"closed","ping_status":"closed","template":"","meta":{"footnotes":""},"class_list":["post-351","page","type-page","status-publish","hentry"],"_links":{"self":[{"href":"https:\/\/lachendebestien.kupodivu.cz\/subdom\/lachendebestien\/index.php?rest_route=\/wp\/v2\/pages\/351","targetHints":{"allow":["GET"]}}],"collection":[{"href":"https:\/\/lachendebestien.kupodivu.cz\/subdom\/lachendebestien\/index.php?rest_route=\/wp\/v2\/pages"}],"about":[{"href":"https:\/\/lachendebestien.kupodivu.cz\/subdom\/lachendebestien\/index.php?rest_route=\/wp\/v2\/types\/page"}],"author":[{"embeddable":true,"href":"https:\/\/lachendebestien.kupodivu.cz\/subdom\/lachendebestien\/index.php?rest_route=\/wp\/v2\/users\/2"}],"replies":[{"embeddable":true,"href":"https:\/\/lachendebestien.kupodivu.cz\/subdom\/lachendebestien\/index.php?rest_route=%2Fwp%2Fv2%2Fcomments&post=351"}],"version-history":[{"count":2,"href":"https:\/\/lachendebestien.kupodivu.cz\/subdom\/lachendebestien\/index.php?rest_route=\/wp\/v2\/pages\/351\/revisions"}],"predecessor-version":[{"id":999,"href":"https:\/\/lachendebestien.kupodivu.cz\/subdom\/lachendebestien\/index.php?rest_route=\/wp\/v2\/pages\/351\/revisions\/999"}],"wp:attachment":[{"href":"https:\/\/lachendebestien.kupodivu.cz\/subdom\/lachendebestien\/index.php?rest_route=%2Fwp%2Fv2%2Fmedia&parent=351"}],"curies":[{"name":"wp","href":"https:\/\/api.w.org\/{rel}","templated":true}]}}