{"id":232,"date":"2015-11-22T19:41:13","date_gmt":"2015-11-22T19:41:13","guid":{"rendered":"http:\/\/www.luciekrylova.cz\/?page_id=232"},"modified":"2024-11-15T01:31:12","modified_gmt":"2024-11-15T00:31:12","slug":"program-2","status":"publish","type":"page","link":"https:\/\/lachendebestien.kupodivu.cz\/subdom\/lachendebestien\/?page_id=232","title":{"rendered":"PROGRAM"},"content":{"rendered":"<div\n\t\t\t\n\t\t\tclass=\"so-widget-sow-editor so-widget-sow-editor-base\"\n\t\t\t\n\t\t><h3>Prosinec 2024<\/h3>\n<div class=\"siteorigin-widget-tinymce textwidget\">\n\t<p>16.12. \/ pond\u011bl\u00ed \/ 19:30 \/\u00a0Divadlo X10 <a href=\"https:\/\/www.divadlox10.cz\/cs\/vstupenky\/vojcek-jednorozmerny-clovek?e=909\"><button> Vstupenky <\/button> <\/a><br \/>\n<\/p>\n<h4><a href=\"https:\/\/lachendebestien.kupodivu.cz\/subdom\/lachendebestien\/?page_id=904\" style=\"text-decoration: none;color: black;\"><br \/>\n<strong>VOJCEK_jednorozm\u011brn\u00fd \u010dlov\u011bk<\/strong><\/a><\/h4>\n<hr \/>\n<p>17.12. \/ \u00fater\u00fd \/ 19:30 \/\u00a0Divadlo X10 <a href=\"https:\/\/www.divadlox10.cz\/cs\/vstupenky\/jako-lvi-aneb-sestup-a-vzestup-pana-b?e=910\"> <button> Vstupenky <\/button> <\/a><\/p>\n<p><\/p>\n<h4><a href=\"https:\/\/lachendebestien.kupodivu.cz\/subdom\/lachendebestien\/?page_id=935\" style=\"text-decoration: none;color: black;\"><\/p>\n<p><strong>Jako lvi aneb Sestup a vzestup pana B.\u00a0<\/strong><\/a><\/h4>\n<hr \/>\n<\/div>\n<\/div>\n\n<div\n\t\t\t\n\t\t\tclass=\"so-widget-sow-editor so-widget-sow-editor-base\"\n\t\t\t\n\t\t><h3>\u010cerven 2024<\/h3>\n<div class=\"siteorigin-widget-tinymce textwidget\">\n\t<p>9.6. \/ ned\u011ble \/ 19:30 \/\u00a0Divadlo X10 <a href=\"https:\/\/www.divadlox10.cz\/cs\/vstupenky\/kohlhaas?e=835\"><button> Vstupenky <\/button> <\/a><br \/>\n<\/p>\n<h4><a href=\"https:\/\/lachendebestien.kupodivu.cz\/subdom\/lachendebestien\/?page_id=859\" style=\"text-decoration: none;color: black;\"><br \/>\n<strong>KOHLHAAS<\/strong><\/a><\/h4>\n<hr \/>\n<p>11.6. \/ \u00fater\u00fd \/ 19:30 \/\u00a0Divadlo X10 <a href=\"https:\/\/www.divadlox10.cz\/cs\/vstupenky\/jako-lvi-aneb-sestup-a-vzestup-pana-b?e=833\"> <button> Vstupenky <\/button> <\/a><\/p>\n<p><\/p>\n<h4><a href=\"https:\/\/lachendebestien.kupodivu.cz\/subdom\/lachendebestien\/?page_id=935\" style=\"text-decoration: none;color: black;\"><\/p>\n<p><strong>Jako lvi aneb Sestup a vzestup pana B.\u00a0<\/strong><\/a><\/h4>\n<hr \/>\n<\/div>\n<\/div>\n\n<div\n\t\t\t\n\t\t\tclass=\"so-widget-sow-editor so-widget-sow-editor-base\"\n\t\t\t\n\t\t><h3>Kv\u011bten 2024<\/h3>\n<div class=\"siteorigin-widget-tinymce textwidget\">\n\t<p>4.5. \/ sobota \/ 19:30 \/\u00a0Divadlo X10<\/p>\n<p><\/p>\n<p>14.5. \/ \u00fater\u00fd \/ 19:00 \/\u00a0Divadlo Oskara Nedbala T\u00e1bor <\/p>\n<h4><a href=\"https:\/\/lachendebestien.kupodivu.cz\/subdom\/lachendebestien\/?page_id=935\" style=\"text-decoration: none;color: black;\"><\/p>\n<p><strong>Jako lvi aneb Sestup a vzestup pana B.\u00a0<\/strong><\/a><\/h4>\n<hr \/>\n<p>13.5. \/ pond\u011bl\u00ed \/ 19:30 \/\u00a0Divadlo X10 <\/p>\n<p><\/p>\n<p>17.5. \/ p\u00e1tek \/\u00a020:00 \/\u00a0 Divadeln\u00ed Flora Olomouc<\/p>\n<h4><a href=\"https:\/\/lachendebestien.kupodivu.cz\/subdom\/lachendebestien\/?page_id=904\" style=\"text-decoration: none;color: black;\"><br \/>\n<b>VOJCEK_jednorozm\u011brn\u00fd \u010dlov\u011bk<\/b><\/a><\/h4>\n<hr \/>\n<p>6.5. \/ pond\u011bl\u00ed \/ 19:30 \/\u00a0Divadlo X10 <\/p>\n<p><\/p>\n<p>17.5. \/ p\u00e1tek \/\u00a020:00 \/\u00a0 Off-B\u00fchne Komplex Chemnitz <\/p>\n<h4><a href=\"https:\/\/lachendebestien.kupodivu.cz\/subdom\/lachendebestien\/?page_id=859\" style=\"text-decoration: none;color: black;\"><br \/>\n<b>KOHLHAAS<\/b><\/a><\/h4>\n<hr \/>\n<\/div>\n<\/div>\n\n<div\n\t\t\t\n\t\t\tclass=\"so-widget-sow-editor so-widget-sow-editor-base\"\n\t\t\t\n\t\t><h3>DUBEN 2024<\/h3>\n<div class=\"siteorigin-widget-tinymce textwidget\">\n\t<p>3.4. \/ st\u0159eda \/ 19:30 \/\u00a0Divadlo X10<br \/>\n<\/p>\n<p>4.4. \/ \u010dtvrtek \/ 19:30 \/\u00a0Divadlo X10<\/p>\n<h4><a href=\"https:\/\/lachendebestien.kupodivu.cz\/subdom\/lachendebestien\/?page_id=935\" style=\"text-decoration: none;color: black;\"><\/p>\n<p><strong>Jako lvi aneb Sestup a vzestup pana B.\u00a0<\/strong><\/a><\/h4>\n<hr \/>\n<p>9.4. \/ \u00fater\u00fd \/ 19:30 \/\u00a0Divadlo X10 <\/p>\n<p><\/p>\n<p>16.4. \/ \u00fater\u00fd \/\u00a019:30 \/\u00a0 Divadlo X10<\/p>\n<h4><a href=\"https:\/\/lachendebestien.kupodivu.cz\/subdom\/lachendebestien\/?page_id=904\" style=\"text-decoration: none;color: black;\"><br \/>\n<b>VOJCEK_jednorozm\u011brn\u00fd \u010dlov\u011bk<\/b><\/a><\/h4>\n<hr \/>\n<\/div>\n<\/div>\n\n<div\n\t\t\t\n\t\t\tclass=\"so-widget-sow-editor so-widget-sow-editor-base\"\n\t\t\t\n\t\t><h3>B\u0158EZEN 2024<\/h3>\n<div class=\"siteorigin-widget-tinymce textwidget\">\n\t<p>4.3. \/ pond\u011bl\u00ed \/ 19:30 \/\u00a0Divadlo X10<\/p>\n<h4><a href=\"https:\/\/lachendebestien.kupodivu.cz\/subdom\/lachendebestien\/?page_id=935\" style=\"text-decoration: none;color: black;\"><strong>Jako lvi aneb Sestup a vzestup pana B.\u00a0<\/strong><\/a><\/h4>\n<hr \/>\n<\/div>\n<\/div>\n\n<h3>\u00a0<\/h3>\n<h3 class=\"widget-title\">\u0158\u00cdJEN 2022<\/h3>\n<p>15.10. \/ sobota \/ 19:30 \/\u00a0 Divadlo X10\u00a0<\/p>\n<p><strong>Z\u00c1MEK NA LOI\u0158E\u00a0<\/strong><\/p>\n<hr \/>\n<p>21.10. \/ p\u00e1tek \/ 19:30 \/ Divadlo X10\u00a0<\/p>\n<p><strong>KOHLHAAS\u00a0<\/strong>(podle Heinricha von Kleista)<\/p>\n<hr \/>\n<h3 class=\"widget-title\">Z\u00c1\u0158\u00cd 2022<\/h3>\n<p>8.9. \/ \u010dtvrtek\u00a0\/ 20:00 \/\u00a0 Brno, Divadlo Husa na prov\u00e1zku\u00a0(Konference Ner\u016fst)<\/p>\n<p><strong>KOHLHAAS <\/strong>(podle Heinricha von Kleista)<\/p>\n<hr \/>\n<p>13.9. \/ \u00fater\u00fd \/ 19:30 \/\u00a0Divadlo X10<\/p>\n<p><strong>KOHLHAAS\u00a0<\/strong>(podle Heinricha von Kleista) &#8211;\u00a0<strong><span style=\"color: #ff0000;\">ZRU\u0160ENO Z D\u016eVODU NEMOCI<\/span><\/strong><\/p>\n<hr \/>\n<p>26.9. \/ pond\u011bl\u00ed \/ 19:30 \/\u00a0Divadlo X10<\/p>\n<p><strong>Z\u00c1MEK NA LOI\u0158E<\/strong><\/p>\n<hr \/>\n<h3 class=\"widget-title\">\u010cERVEN 2022<\/h3>\n<p>2.6. \/ \u010dtvrtek\u00a0\/ 20:00 \/ Venu\u0161e ve \u0160vehlovce<\/p>\n<p><strong>Z\u00c1MEK NA LOI\u0158E\u00a0\u00a0<\/strong><\/p>\n<hr \/>\n<p>3.6. \/\u00a0p\u00e1tek \/ 20:00 \/ Venu\u0161e ve \u0160vehlovce<\/p>\n<p><strong>KOHLHAAS\u00a0<\/strong>(podle Heinricha von Kleista)<\/p>\n<hr \/>\n<h3 class=\"widget-title\">KV\u011aTEN 2022<\/h3>\n<p>9.5. \/\u00a0pond\u011bl\u00ed \/ 20:00 \/ Venu\u0161e ve \u0160vehlovce<\/p>\n<p><strong>Z\u00c1MEK NA LOI\u0158E\u00a0\u00a0<\/strong><\/p>\n<hr \/>\n<p>10.5. \/\u00a0\u00fater\u00fd \/ 20:00 \/ Venu\u0161e ve \u0160vehlovce<\/p>\n<p><strong>KOHLHAAS\u00a0<\/strong>(podle Heinricha von Kleista)<\/p>\n<hr \/>\n<h3 class=\"widget-title\">DUBEN 2022<\/h3>\n<p>4.4. \/\u00a0pond\u011bl\u00ed \/ 20:00 \/ Venu\u0161e ve \u0160vehlovce<\/p>\n<p><strong>KOHLHAAS\u00a0<\/strong>(podle Heinricha von Kleista)<\/p>\n<hr \/>\n<p>5.4. \/\u00a0\u00fater\u00fd \/ 20:00 \/ Venu\u0161e ve \u0160vehlovce<\/p>\n<p><strong>Z\u00c1MEK NA LOI\u0158E\u00a0\u00a0<\/strong><\/p>\n<hr \/>\n<h3 class=\"widget-title\">B\u0158EZEN 2022<\/h3>\n<p>8.3. \/ \u00fater\u00fd\u00a0\/ \/z\u00e1jezd M\u011bstsk\u00e9 divadlo Varnsdorf<\/p>\n<p><strong>Z\u00c1MEK NA LOI\u0158E\u00a0<\/strong><\/p>\n<hr \/>\n<p>12.3. \/ sobota \/ 20:00 \/ Venu\u0161e ve \u0160vehlovce<\/p>\n<p><strong>KOHLHAAS\u00a0<\/strong>(podle Heinricha von Kleista) &#8211; p\u0159edsta<em>ven\u00ed pro Ukrajinu<\/em><\/p>\n<p><em>Ch\u00e1peme, \u017ee je v sou\u010dasnosti zvl\u00e1\u0161tn\u00ed chodit do divadla, stejn\u011b jako ho hr\u00e1t. Rozhodli jsme se proto odehr\u00e1t n\u00e1sleduj\u00edc\u00ed p\u0159edstaven\u00ed Kohlhhaas benefi\u010dn\u011b. Vybran\u00e9 vstupn\u00e9 a honor\u00e1\u0159e \u00fa\u010dinkuj\u00edc\u00edch poputuj\u00ed na pomoc lidem Ukrajiny.<\/em><\/p>\n<hr \/>\n<p>14.3. \/\u00a0pond\u011bl\u00ed\u00a0\/ 20:00 \/ Venu\u0161e ve \u0160vehlovce<\/p>\n<p><strong>Z\u00c1MEK NA LOI\u0158E\u00a0 &#8211; <span style=\"color: #ff0000;\">ZRU\u0160ENO<\/span><\/strong><\/p>\n<hr \/>\n<p>22.3. \/\u00a0\u00fater\u00fd \/ 20:00 \/ Venu\u0161e ve \u0160vehlovce<\/p>\n<p><strong>KOHLHAAS\u00a0<\/strong>(podle Heinricha von Kleista)<\/p>\n<hr \/>\n<p>29.3. \/\u00a0\u00fater\u00fd \/ 20:00 \/ Venu\u0161e ve \u0160vehlovce<\/p>\n<p><strong>KOHLHAAS\u00a0<\/strong>(podle Heinricha von Kleista)\u00a0<strong>\u00a0&#8211;\u00a0<span style=\"color: #ff0000;\">ZRU\u0160ENO<\/span><\/strong><\/p>\n<hr \/>\n<h3 class=\"widget-title\">\u00daNOR 2022<\/h3>\n<p>7.2. \/\u00a0pond\u011bl\u00ed\u00a0\/ 20:00 \/ Venu\u0161e ve \u0160vehlovce<\/p>\n<p><strong>KOHLHAAS\u00a0<\/strong>(podle Heinricha von Kleista)<\/p>\n<p>PRO NEMOC ZRU\u0160ENO<\/p>\n<hr \/>\n<p>17.2. \/\u00a0\u010dtvrtek\u00a0\/ 20:00 \/ Venu\u0161e ve \u0160vehlovce<\/p>\n<p><strong>Z\u00c1MEK NA LOI\u0158E\u00a0<\/strong><\/p>\n<hr \/>\n<p>18.2. \/ p\u00e1tek\u00a0\/ 20:00 \/ Venu\u0161e ve \u0160vehlovce<\/p>\n<p><strong>KOHLHAAS\u00a0<\/strong>(podle Heinricha von Kleista)<\/p>\n<hr \/>\n<h3 class=\"widget-title\">LEDEN 2022<\/h3>\n<p>20.1. \/\u00a0\u010dtvrtek \/ 20:00 \/ Venu\u0161e ve \u0160vehlovce<\/p>\n<p><strong>KOHLHAAS\u00a0<\/strong>(podle Heinricha von Kleista)<\/p>\n<p>1. premi\u00e9ra<\/p>\n<hr \/>","protected":false},"excerpt":{"rendered":"<p>\u00a0 \u0158\u00cdJEN 2022 15.10. \/ sobota \/ 19:30 \/\u00a0 Divadlo X10\u00a0 Z\u00c1MEK NA LOI\u0158E\u00a0 21.10. \/ p\u00e1tek \/ 19:30 \/ Divadlo X10\u00a0 KOHLHAAS\u00a0(podle Heinricha von Kleista) Z\u00c1\u0158\u00cd 2022 8.9. \/ \u010dtvrtek\u00a0\/<a class=\"moretag\" href=\"http:\/\/lachende.prognocon.cz\/?page_id=388\">&#8230;v\u00edce<\/a><\/p>\n","protected":false},"author":2,"featured_media":0,"parent":0,"menu_order":0,"comment_status":"closed","ping_status":"closed","template":"","meta":{"footnotes":""},"class_list":["post-232","page","type-page","status-publish","hentry"],"_links":{"self":[{"href":"https:\/\/lachendebestien.kupodivu.cz\/subdom\/lachendebestien\/index.php?rest_route=\/wp\/v2\/pages\/232","targetHints":{"allow":["GET"]}}],"collection":[{"href":"https:\/\/lachendebestien.kupodivu.cz\/subdom\/lachendebestien\/index.php?rest_route=\/wp\/v2\/pages"}],"about":[{"href":"https:\/\/lachendebestien.kupodivu.cz\/subdom\/lachendebestien\/index.php?rest_route=\/wp\/v2\/types\/page"}],"author":[{"embeddable":true,"href":"https:\/\/lachendebestien.kupodivu.cz\/subdom\/lachendebestien\/index.php?rest_route=\/wp\/v2\/users\/2"}],"replies":[{"embeddable":true,"href":"https:\/\/lachendebestien.kupodivu.cz\/subdom\/lachendebestien\/index.php?rest_route=%2Fwp%2Fv2%2Fcomments&post=232"}],"version-history":[{"count":57,"href":"https:\/\/lachendebestien.kupodivu.cz\/subdom\/lachendebestien\/index.php?rest_route=\/wp\/v2\/pages\/232\/revisions"}],"predecessor-version":[{"id":1042,"href":"https:\/\/lachendebestien.kupodivu.cz\/subdom\/lachendebestien\/index.php?rest_route=\/wp\/v2\/pages\/232\/revisions\/1042"}],"wp:attachment":[{"href":"https:\/\/lachendebestien.kupodivu.cz\/subdom\/lachendebestien\/index.php?rest_route=%2Fwp%2Fv2%2Fmedia&parent=232"}],"curies":[{"name":"wp","href":"https:\/\/api.w.org\/{rel}","templated":true}]}}